{"id":9,"date":"2017-06-04T17:13:08","date_gmt":"2017-06-04T17:13:08","guid":{"rendered":"http:\/\/nabytek-levny.eu\/?page_id=9"},"modified":"2021-01-26T06:27:40","modified_gmt":"2021-01-26T06:27:40","slug":"prislusenstvi","status":"publish","type":"page","link":"https:\/\/fabok.cz\/en\/prislusenstvi\/","title":{"rendered":"Accessories"},"content":{"rendered":"<p>Str\u00e1nku pro V\u00e1s p\u0159ipravujeme&#8230;<\/p>\n","protected":false},"excerpt":{"rendered":"<p>Str\u00e1nku pro V\u00e1s p\u0159ipravujeme&#8230;<\/p>\n","protected":false},"author":1,"featured_media":0,"parent":0,"menu_order":0,"comment_status":"closed","ping_status":"closed","template":"","meta":{"footnotes":""},"aioseo_notices":[],"_links":{"self":[{"href":"https:\/\/fabok.cz\/en\/wp-json\/wp\/v2\/pages\/9"}],"collection":[{"href":"https:\/\/fabok.cz\/en\/wp-json\/wp\/v2\/pages"}],"about":[{"href":"https:\/\/fabok.cz\/en\/wp-json\/wp\/v2\/types\/page"}],"author":[{"embeddable":true,"href":"https:\/\/fabok.cz\/en\/wp-json\/wp\/v2\/users\/1"}],"replies":[{"embeddable":true,"href":"https:\/\/fabok.cz\/en\/wp-json\/wp\/v2\/comments?post=9"}],"version-history":[{"count":3,"href":"https:\/\/fabok.cz\/en\/wp-json\/wp\/v2\/pages\/9\/revisions"}],"predecessor-version":[{"id":959,"href":"https:\/\/fabok.cz\/en\/wp-json\/wp\/v2\/pages\/9\/revisions\/959"}],"wp:attachment":[{"href":"https:\/\/fabok.cz\/en\/wp-json\/wp\/v2\/media?parent=9"}],"curies":[{"name":"wp","href":"https:\/\/api.w.org\/{rel}","templated":true}]}}