{"id":684,"date":"2017-09-15T06:39:39","date_gmt":"2017-09-15T06:39:39","guid":{"rendered":"http:\/\/fabok.cz\/?page_id=684"},"modified":"2021-01-24T16:59:37","modified_gmt":"2021-01-24T16:59:37","slug":"kose-na-vytezeny-material","status":"publish","type":"page","link":"https:\/\/fabok.cz\/en\/prislusenstvi\/kose-na-vytezeny-material\/","title":{"rendered":"Baskets for extracted material"},"content":{"rendered":"<p>The FABOK company manufactures and supplies waste bins &#8211; containers for tank superstructures.<\/p>\n<ul>\n<li>These containers are intended for storing extracted piece material.<\/li>\n<li>Baskets are made of stainless steel<\/li>\n<li>The construction allows the material to be tilted and locking in the transport position.<\/li>\n<\/ul>\n<div id='gallery-1' class='gallery galleryid-684 gallery-columns-5 gallery-size-thumbnail'><figure class='gallery-item'>\r\n\t\t\t<div class='gallery-icon landscape'>\r\n\t\t\t\t<a href='https:\/\/fabok.cz\/wp-content\/uploads\/2017\/09\/001-2.jpg' title=\"Ko\u0161e na vyt\u011b\u017een\u00fd materi\u00e1l\" data-rl_title=\"Ko\u0161e na vyt\u011b\u017een\u00fd materi\u00e1l\" class=\"rl-gallery-link\" data-rl_caption=\"\" data-rel=\"lightbox-gallery-0\"><img loading=\"lazy\" decoding=\"async\" width=\"150\" height=\"150\" src=\"https:\/\/fabok.cz\/wp-content\/uploads\/2017\/09\/001-2-150x150.jpg\" class=\"attachment-thumbnail size-thumbnail\" alt=\"Ko\u0161e na vyt\u011b\u017een\u00fd materi\u00e1l\" \/><\/a>\r\n\t\t\t<\/div><\/figure><figure class='gallery-item'>\r\n\t\t\t<div class='gallery-icon landscape'>\r\n\t\t\t\t<a href='https:\/\/fabok.cz\/wp-content\/uploads\/2017\/09\/002-2.jpg' title=\"Ko\u0161e na vyt\u011b\u017een\u00fd materi\u00e1l\" data-rl_title=\"Ko\u0161e na vyt\u011b\u017een\u00fd materi\u00e1l\" class=\"rl-gallery-link\" data-rl_caption=\"\" data-rel=\"lightbox-gallery-0\"><img loading=\"lazy\" decoding=\"async\" width=\"150\" height=\"150\" src=\"https:\/\/fabok.cz\/wp-content\/uploads\/2017\/09\/002-2-150x150.jpg\" class=\"attachment-thumbnail size-thumbnail\" alt=\"Ko\u0161e na vyt\u011b\u017een\u00fd materi\u00e1l\" \/><\/a>\r\n\t\t\t<\/div><\/figure><figure class='gallery-item'>\r\n\t\t\t<div class='gallery-icon landscape'>\r\n\t\t\t\t<a href='https:\/\/fabok.cz\/wp-content\/uploads\/2017\/09\/003-2.jpg' title=\"Ko\u0161e na vyt\u011b\u017een\u00fd materi\u00e1l\" data-rl_title=\"Ko\u0161e na vyt\u011b\u017een\u00fd materi\u00e1l\" class=\"rl-gallery-link\" data-rl_caption=\"\" data-rel=\"lightbox-gallery-0\"><img loading=\"lazy\" decoding=\"async\" width=\"150\" height=\"150\" src=\"https:\/\/fabok.cz\/wp-content\/uploads\/2017\/09\/003-2-150x150.jpg\" class=\"attachment-thumbnail size-thumbnail\" alt=\"Ko\u0161e na vyt\u011b\u017een\u00fd materi\u00e1l\" \/><\/a>\r\n\t\t\t<\/div><\/figure><figure class='gallery-item'>\r\n\t\t\t<div class='gallery-icon landscape'>\r\n\t\t\t\t<a href='https:\/\/fabok.cz\/wp-content\/uploads\/2017\/09\/004-2.jpg' title=\"Ko\u0161e na vyt\u011b\u017een\u00fd materi\u00e1l\" data-rl_title=\"Ko\u0161e na vyt\u011b\u017een\u00fd materi\u00e1l\" class=\"rl-gallery-link\" data-rl_caption=\"\" data-rel=\"lightbox-gallery-0\"><img loading=\"lazy\" decoding=\"async\" width=\"150\" height=\"150\" src=\"https:\/\/fabok.cz\/wp-content\/uploads\/2017\/09\/004-2-150x150.jpg\" class=\"attachment-thumbnail size-thumbnail\" alt=\"Ko\u0161e na vyt\u011b\u017een\u00fd materi\u00e1l\" \/><\/a>\r\n\t\t\t<\/div><\/figure><\/div>\n\n","protected":false},"excerpt":{"rendered":"<p>The FABOK company manufactures and supplies waste bins &#8211; containers for tank superstructures. These containers are intended for storing extracted piece material. Baskets are made of stainless steel The construction allows the material to be tilted and locking in the transport position.<\/p>\n","protected":false},"author":1,"featured_media":0,"parent":9,"menu_order":3,"comment_status":"closed","ping_status":"closed","template":"","meta":{"footnotes":""},"aioseo_notices":[],"_links":{"self":[{"href":"https:\/\/fabok.cz\/en\/wp-json\/wp\/v2\/pages\/684"}],"collection":[{"href":"https:\/\/fabok.cz\/en\/wp-json\/wp\/v2\/pages"}],"about":[{"href":"https:\/\/fabok.cz\/en\/wp-json\/wp\/v2\/types\/page"}],"author":[{"embeddable":true,"href":"https:\/\/fabok.cz\/en\/wp-json\/wp\/v2\/users\/1"}],"replies":[{"embeddable":true,"href":"https:\/\/fabok.cz\/en\/wp-json\/wp\/v2\/comments?post=684"}],"version-history":[{"count":4,"href":"https:\/\/fabok.cz\/en\/wp-json\/wp\/v2\/pages\/684\/revisions"}],"predecessor-version":[{"id":916,"href":"https:\/\/fabok.cz\/en\/wp-json\/wp\/v2\/pages\/684\/revisions\/916"}],"up":[{"embeddable":true,"href":"https:\/\/fabok.cz\/en\/wp-json\/wp\/v2\/pages\/9"}],"wp:attachment":[{"href":"https:\/\/fabok.cz\/en\/wp-json\/wp\/v2\/media?parent=684"}],"curies":[{"name":"wp","href":"https:\/\/api.w.org\/{rel}","templated":true}]}}