{"id":429,"date":"2017-07-03T19:56:37","date_gmt":"2017-07-03T19:56:37","guid":{"rendered":"http:\/\/nabytek-levny.eu\/?page_id=429"},"modified":"2021-01-25T10:39:43","modified_gmt":"2021-01-25T10:39:43","slug":"vymenna-saci-kcas-3","status":"publish","type":"page","link":"https:\/\/fabok.cz\/en\/nastavby\/saci-nastavby\/vymenna-saci-kcas-3\/","title":{"rendered":"Changing suction KCAS 3"},"content":{"rendered":"<h2>Changing suction unit FABOK KCAS 3<\/h2>\n<h3><strong>Tank:<\/strong><\/h3>\n<ul>\n<li>air volume 3,5 m\u00b3<\/li>\n<li>made of steel<\/li>\n<li>firmly mounted on the container frame tilted backwards<\/li>\n<li>upper inspection manhole DN 450<\/li>\n<li>fixed rear lid with cleaning hole DN 300<\/li>\n<li>2x outer reinforcements<\/li>\n<li>level control with 4x sight glasses<\/li>\n<li>draining valve FABOK in the bottom part of the lid, pneumatically operated from the rear side of the structure with terminal for suction hose DN 80<\/li>\n<\/ul>\n<h3><strong>Air-cooled vacuum pump JUROP 102:<\/strong><\/h3>\n<ul>\n<li>suction power 612 m\u00b3<\/li>\n<li>overpressure 0,5 bar<\/li>\n<li>air filter on the suction<\/li>\n<li>reverse valve<\/li>\n<li>automatic lubrication<\/li>\n<li>vacuum pump exhaust silencer with ecological oil separator<\/li>\n<li>oversuction protection by primary closing valve in the tank<\/li>\n<li>oversuction protection by secondary closing valve in front of the vacuum pump<\/li>\n<li>mano-vakuometer<\/li>\n<li>manually operated 4-way valve<\/li>\n<li>drive form the carrier hydraulic circuit<\/li>\n<\/ul>\n<h3><strong>Equipment:<\/strong><\/h3>\n<ul>\n<li>2x open stainless steel side storage tub for suction hoses<\/li>\n<li>Manually operated front sprinkling bar, the water is discharged from the tank via overpressure<\/li>\n<\/ul>\n<h3><strong>Colour design \u2013 acrylic painting:<\/strong><\/h3>\n<ul>\n<li>shade according to the customers request<\/li>\n<\/ul>\n<h3><strong>Documents (in czech language):<\/strong><\/h3>\n<ul>\n<li>operating and maintenance instructions of the structure<\/li>\n<li>operating and maintenance instructions of the vacuum pump<\/li>\n<li>declaration of conformity CE<\/li>\n<li>approval of the vehicle and superstructure for road traffic<\/li>\n<\/ul>\n<h3><strong>According to the customer\u00b4s requests, it is possible to make further modifications of the unit or supply special accessories, eg: <\/strong><\/h3>\n<ul>\n<li>manually or hydraulically operated openable rear lid<\/li>\n<li>manually or hydraulically securing of the rear lid<\/li>\n<li>superstructure modification for transport of hazardous waste according to ADR<\/li>\n<li>side suction boom or telescopic suction boom on the top of the tank<\/li>\n<li>pneumatically operated rear closing valve and 4-way valve<\/li>\n<li>side plastic \/ segment \/ clean water tanks<\/li>\n<li>high pressure pump for washing of fat separators, sumps or for rinsing your own tank \/ drive from hydr. circuit of the chassis event. separate petrol unit \/<\/li>\n<li>high pressure pump for sewage cleaning<\/li>\n<li>small manual crane for sewage lids manipulation<\/li>\n<li>more powerful, water-cooled vacuum pump<\/li>\n<\/ul>\n<div id='gallery-1' class='gallery galleryid-429 gallery-columns-5 gallery-size-thumbnail'><figure class='gallery-item'>\r\n\t\t\t<div class='gallery-icon landscape'>\r\n\t\t\t\t<a href='https:\/\/fabok.cz\/wp-content\/uploads\/2017\/07\/001-20.jpg' title=\"V\u00fdm\u011bnn\u00e1 sac\u00ed n\u00e1stavba FABOK KCAS 3\" data-rl_title=\"V\u00fdm\u011bnn\u00e1 sac\u00ed n\u00e1stavba FABOK KCAS 3\" class=\"rl-gallery-link\" data-rl_caption=\"\" data-rel=\"lightbox-gallery-0\"><img loading=\"lazy\" decoding=\"async\" width=\"150\" height=\"150\" src=\"https:\/\/fabok.cz\/wp-content\/uploads\/2017\/07\/001-20-150x150.jpg\" class=\"attachment-thumbnail size-thumbnail\" alt=\"V\u00fdm\u011bnn\u00e1 sac\u00ed n\u00e1stavba FABOK KCAS 3\" \/><\/a>\r\n\t\t\t<\/div><\/figure><figure class='gallery-item'>\r\n\t\t\t<div class='gallery-icon landscape'>\r\n\t\t\t\t<a href='https:\/\/fabok.cz\/wp-content\/uploads\/2017\/07\/002-20.jpg' title=\"V\u00fdm\u011bnn\u00e1 sac\u00ed n\u00e1stavba FABOK KCAS 3\" data-rl_title=\"V\u00fdm\u011bnn\u00e1 sac\u00ed n\u00e1stavba FABOK KCAS 3\" class=\"rl-gallery-link\" data-rl_caption=\"\" data-rel=\"lightbox-gallery-0\"><img loading=\"lazy\" decoding=\"async\" width=\"150\" height=\"150\" src=\"https:\/\/fabok.cz\/wp-content\/uploads\/2017\/07\/002-20-150x150.jpg\" class=\"attachment-thumbnail size-thumbnail\" alt=\"V\u00fdm\u011bnn\u00e1 sac\u00ed n\u00e1stavba FABOK KCAS 3\" \/><\/a>\r\n\t\t\t<\/div><\/figure><figure class='gallery-item'>\r\n\t\t\t<div class='gallery-icon landscape'>\r\n\t\t\t\t<a href='https:\/\/fabok.cz\/wp-content\/uploads\/2017\/07\/003-20.jpg' title=\"V\u00fdm\u011bnn\u00e1 sac\u00ed n\u00e1stavba FABOK KCAS 3\" data-rl_title=\"V\u00fdm\u011bnn\u00e1 sac\u00ed n\u00e1stavba FABOK KCAS 3\" class=\"rl-gallery-link\" data-rl_caption=\"\" data-rel=\"lightbox-gallery-0\"><img loading=\"lazy\" decoding=\"async\" width=\"150\" height=\"150\" src=\"https:\/\/fabok.cz\/wp-content\/uploads\/2017\/07\/003-20-150x150.jpg\" class=\"attachment-thumbnail size-thumbnail\" alt=\"V\u00fdm\u011bnn\u00e1 sac\u00ed n\u00e1stavba FABOK KCAS 3\" \/><\/a>\r\n\t\t\t<\/div><\/figure><figure class='gallery-item'>\r\n\t\t\t<div class='gallery-icon landscape'>\r\n\t\t\t\t<a href='https:\/\/fabok.cz\/wp-content\/uploads\/2017\/07\/004-15.jpg' title=\"V\u00fdm\u011bnn\u00e1 sac\u00ed n\u00e1stavba FABOK KCAS 3\" data-rl_title=\"V\u00fdm\u011bnn\u00e1 sac\u00ed n\u00e1stavba FABOK KCAS 3\" class=\"rl-gallery-link\" data-rl_caption=\"\" data-rel=\"lightbox-gallery-0\"><img loading=\"lazy\" decoding=\"async\" width=\"150\" height=\"150\" src=\"https:\/\/fabok.cz\/wp-content\/uploads\/2017\/07\/004-15-150x150.jpg\" class=\"attachment-thumbnail size-thumbnail\" alt=\"V\u00fdm\u011bnn\u00e1 sac\u00ed n\u00e1stavba FABOK KCAS 3\" \/><\/a>\r\n\t\t\t<\/div><\/figure><\/div>\n\n","protected":false},"excerpt":{"rendered":"<p>Changing suction unit FABOK KCAS 3 Tank: air volume 3,5 m\u00b3 made of steel firmly mounted on the container frame tilted backwards upper inspection manhole DN 450 fixed rear lid with cleaning hole DN 300 2x outer reinforcements level control with 4x sight glasses draining valve FABOK in the bottom part of the lid, pneumatically [&hellip;]<\/p>\n","protected":false},"author":1,"featured_media":0,"parent":33,"menu_order":4,"comment_status":"closed","ping_status":"closed","template":"","meta":{"footnotes":""},"aioseo_notices":[],"_links":{"self":[{"href":"https:\/\/fabok.cz\/en\/wp-json\/wp\/v2\/pages\/429"}],"collection":[{"href":"https:\/\/fabok.cz\/en\/wp-json\/wp\/v2\/pages"}],"about":[{"href":"https:\/\/fabok.cz\/en\/wp-json\/wp\/v2\/types\/page"}],"author":[{"embeddable":true,"href":"https:\/\/fabok.cz\/en\/wp-json\/wp\/v2\/users\/1"}],"replies":[{"embeddable":true,"href":"https:\/\/fabok.cz\/en\/wp-json\/wp\/v2\/comments?post=429"}],"version-history":[{"count":4,"href":"https:\/\/fabok.cz\/en\/wp-json\/wp\/v2\/pages\/429\/revisions"}],"predecessor-version":[{"id":941,"href":"https:\/\/fabok.cz\/en\/wp-json\/wp\/v2\/pages\/429\/revisions\/941"}],"up":[{"embeddable":true,"href":"https:\/\/fabok.cz\/en\/wp-json\/wp\/v2\/pages\/33"}],"wp:attachment":[{"href":"https:\/\/fabok.cz\/en\/wp-json\/wp\/v2\/media?parent=429"}],"curies":[{"name":"wp","href":"https:\/\/api.w.org\/{rel}","templated":true}]}}