{"id":369,"date":"2017-07-03T18:13:39","date_gmt":"2017-07-03T18:13:39","guid":{"rendered":"http:\/\/nabytek-levny.eu\/?page_id=369"},"modified":"2021-01-25T10:00:40","modified_gmt":"2021-01-25T10:00:40","slug":"kcav-5","status":"publish","type":"page","link":"https:\/\/fabok.cz\/en\/nastavby\/kropici-splachovaci-nastavby\/kcav-5\/","title":{"rendered":"KCAV 5"},"content":{"rendered":"<h2>Changing unit for watering of a verdure and utility water supply<\/h2>\n<h3><strong>Tank:<\/strong><\/h3>\n<ul>\n<li>volume 5.000 l<\/li>\n<li>made of steel<\/li>\n<li>firmly attached to a container frame with wean legs<\/li>\n<li>revision hole DN 500 at top of tank, secured against unauthorized opening<\/li>\n<li>Filling check using a level indicator with the possibility of control from the operator\u00b4s place<\/li>\n<li>membrane overflow from the tank under the vehicle as overfill protection<\/li>\n<li>storage box on the side of the superstructure, lockable<\/li>\n<\/ul>\n<h3><strong>Tank filling:<\/strong><\/h3>\n<ul>\n<li>bottom filling of the tank from the hydrant via the fire quick coupling \u201eB\u201c<\/li>\n<li>the filling line also serves to drain the tank by gravity<\/li>\n<\/ul>\n<h3><strong>Water abstraction:<\/strong><\/h3>\n<ul>\n<li>by gravity from the dispensing place with a 2\u201d ball valve<\/li>\n<li>by pressure line with quick coupling \u201eC\u201c using a distribution pump located in a lockable box on the side of the structure<\/li>\n<li>pump power approx. 000 l\/min, discharge height up to 26 m<\/li>\n<li>pump driven by gasoline engige \/<em>\u00a0hydraulically <\/em>\/<\/li>\n<li>distribution pump, water distribution and tank are equipped with drain holes in the lowest part, which serve for complete drainage and sludge removal of the system<\/li>\n<\/ul>\n<h3><strong>Accessories:<\/strong><\/h3>\n<ul>\n<li>20m filling fire hose<\/li>\n<li>wrench for fire hoses<\/li>\n<li>reduction B\/C<\/li>\n<\/ul>\n<h3><strong>Colour design:<\/strong><\/h3>\n<ul>\n<li>tank \u2013 acrylic paint \u2013 shade according to the customer<\/li>\n<li>frame \u2013 PROTEC LACK\u00a0\u00a0\u00a0\u00a0\u00a0\u00a0 \u2013 grey<\/li>\n<li>possibility of placing the operator\u00b4s logo on the tank<\/li>\n<\/ul>\n<div id='gallery-1' class='gallery galleryid-369 gallery-columns-5 gallery-size-thumbnail'><figure class='gallery-item'>\r\n\t\t\t<div class='gallery-icon landscape'>\r\n\t\t\t\t<a href='https:\/\/fabok.cz\/wp-content\/uploads\/2017\/07\/001-15.jpg' title=\"V\u00fdm\u011bnn\u00e1 n\u00e1stavba pro zal\u00e9v\u00e1n\u00ed zelen\u011b a z\u00e1sobov\u00e1n\u00ed u\u017eitkovou vodou\" data-rl_title=\"V\u00fdm\u011bnn\u00e1 n\u00e1stavba pro zal\u00e9v\u00e1n\u00ed zelen\u011b a z\u00e1sobov\u00e1n\u00ed u\u017eitkovou vodou\" class=\"rl-gallery-link\" data-rl_caption=\"\" data-rel=\"lightbox-gallery-0\"><img loading=\"lazy\" decoding=\"async\" width=\"150\" height=\"150\" src=\"https:\/\/fabok.cz\/wp-content\/uploads\/2017\/07\/001-15-150x150.jpg\" class=\"attachment-thumbnail size-thumbnail\" alt=\"V\u00fdm\u011bnn\u00e1 n\u00e1stavba pro zal\u00e9v\u00e1n\u00ed zelen\u011b a z\u00e1sobov\u00e1n\u00ed u\u017eitkovou vodou\" \/><\/a>\r\n\t\t\t<\/div><\/figure><figure class='gallery-item'>\r\n\t\t\t<div class='gallery-icon landscape'>\r\n\t\t\t\t<a href='https:\/\/fabok.cz\/wp-content\/uploads\/2017\/07\/002-15.jpg' title=\"V\u00fdm\u011bnn\u00e1 n\u00e1stavba pro zal\u00e9v\u00e1n\u00ed zelen\u011b a z\u00e1sobov\u00e1n\u00ed u\u017eitkovou vodou\" data-rl_title=\"V\u00fdm\u011bnn\u00e1 n\u00e1stavba pro zal\u00e9v\u00e1n\u00ed zelen\u011b a z\u00e1sobov\u00e1n\u00ed u\u017eitkovou vodou\" class=\"rl-gallery-link\" data-rl_caption=\"\" data-rel=\"lightbox-gallery-0\"><img loading=\"lazy\" decoding=\"async\" width=\"150\" height=\"150\" src=\"https:\/\/fabok.cz\/wp-content\/uploads\/2017\/07\/002-15-150x150.jpg\" class=\"attachment-thumbnail size-thumbnail\" alt=\"V\u00fdm\u011bnn\u00e1 n\u00e1stavba pro zal\u00e9v\u00e1n\u00ed zelen\u011b a z\u00e1sobov\u00e1n\u00ed u\u017eitkovou vodou\" \/><\/a>\r\n\t\t\t<\/div><\/figure><figure class='gallery-item'>\r\n\t\t\t<div class='gallery-icon landscape'>\r\n\t\t\t\t<a href='https:\/\/fabok.cz\/wp-content\/uploads\/2017\/07\/003-15.jpg' title=\"V\u00fdm\u011bnn\u00e1 n\u00e1stavba pro zal\u00e9v\u00e1n\u00ed zelen\u011b a z\u00e1sobov\u00e1n\u00ed u\u017eitkovou vodou\" data-rl_title=\"V\u00fdm\u011bnn\u00e1 n\u00e1stavba pro zal\u00e9v\u00e1n\u00ed zelen\u011b a z\u00e1sobov\u00e1n\u00ed u\u017eitkovou vodou\" class=\"rl-gallery-link\" data-rl_caption=\"\" data-rel=\"lightbox-gallery-0\"><img loading=\"lazy\" decoding=\"async\" width=\"150\" height=\"150\" src=\"https:\/\/fabok.cz\/wp-content\/uploads\/2017\/07\/003-15-150x150.jpg\" class=\"attachment-thumbnail size-thumbnail\" alt=\"V\u00fdm\u011bnn\u00e1 n\u00e1stavba pro zal\u00e9v\u00e1n\u00ed zelen\u011b a z\u00e1sobov\u00e1n\u00ed u\u017eitkovou vodou\" \/><\/a>\r\n\t\t\t<\/div><\/figure><\/div>\n\n","protected":false},"excerpt":{"rendered":"<p>Changing unit for watering of a verdure and utility water supply Tank: volume 5.000 l made of steel firmly attached to a container frame with wean legs revision hole DN 500 at top of tank, secured against unauthorized opening Filling check using a level indicator with the possibility of control from the operator\u00b4s place membrane [&hellip;]<\/p>\n","protected":false},"author":1,"featured_media":0,"parent":39,"menu_order":2,"comment_status":"closed","ping_status":"closed","template":"","meta":{"footnotes":""},"aioseo_notices":[],"_links":{"self":[{"href":"https:\/\/fabok.cz\/en\/wp-json\/wp\/v2\/pages\/369"}],"collection":[{"href":"https:\/\/fabok.cz\/en\/wp-json\/wp\/v2\/pages"}],"about":[{"href":"https:\/\/fabok.cz\/en\/wp-json\/wp\/v2\/types\/page"}],"author":[{"embeddable":true,"href":"https:\/\/fabok.cz\/en\/wp-json\/wp\/v2\/users\/1"}],"replies":[{"embeddable":true,"href":"https:\/\/fabok.cz\/en\/wp-json\/wp\/v2\/comments?post=369"}],"version-history":[{"count":4,"href":"https:\/\/fabok.cz\/en\/wp-json\/wp\/v2\/pages\/369\/revisions"}],"predecessor-version":[{"id":931,"href":"https:\/\/fabok.cz\/en\/wp-json\/wp\/v2\/pages\/369\/revisions\/931"}],"up":[{"embeddable":true,"href":"https:\/\/fabok.cz\/en\/wp-json\/wp\/v2\/pages\/39"}],"wp:attachment":[{"href":"https:\/\/fabok.cz\/en\/wp-json\/wp\/v2\/media?parent=369"}],"curies":[{"name":"wp","href":"https:\/\/api.w.org\/{rel}","templated":true}]}}