{"id":365,"date":"2017-07-03T18:13:05","date_gmt":"2017-07-03T18:13:05","guid":{"rendered":"http:\/\/nabytek-levny.eu\/?page_id=365"},"modified":"2021-01-25T10:09:33","modified_gmt":"2021-01-25T10:09:33","slug":"kropici-vymenna-kcaspl-8","status":"publish","type":"page","link":"https:\/\/fabok.cz\/en\/nastavby\/kropici-splachovaci-nastavby\/kropici-vymenna-kcaspl-8\/","title":{"rendered":"Changing sprinkling KCASPL 8"},"content":{"rendered":"<h2 style=\"line-height: 19.5pt; background: white;\"><span style=\"font-family: 'Times','serif'; color: #4c4c4c;\">Changing sprinkling unit FABOK KCASPL 8<\/span><\/h2>\n<h3><strong>Water pump KSB:<\/strong><\/h3>\n<ul>\n<li>Pumped amount max. 800 l\/min.<\/li>\n<li>Outlet pressure max. 16 bar<\/li>\n<li>Pressure line with terminal \u201eB\u201c event. \u201eC\u201c<\/li>\n<li>Lightening BY-PASS<\/li>\n<li>Hydraulic drive with electronic power control regardless of vehicle speed<\/li>\n<\/ul>\n<h3><strong>Tank:<\/strong><\/h3>\n<ul>\n<li>Stainless steel tank volume 8 m<sup>3 \u00a0 \u00a0\u00a0<\/sup><\/li>\n<li>Material AISI 304<\/li>\n<li>Filling of the tank from hydrant,or through the inspection manhole<\/li>\n<li>Tank with membrane water overflow and inlet water filter<\/li>\n<li>Sound and optical signalling level in the driver\u00b4s cabin<\/li>\n<li>At the top front, a manhole with a lid reachable by an installed ladder on the side of the tank<\/li>\n<\/ul>\n<h3><strong>Standard complete washing bar:<\/strong><\/h3>\n<ul>\n<li>Mounted on front DIN board with eight pieces of water jets<\/li>\n<li>Controlled form the driver\u00b4s cab<\/li>\n<li>Possibility of rotating left \/ right, lowering and lifting to the transport position<\/li>\n<li>Stainless steel ball valves, operated from the driver\u00b4s cab<\/li>\n<li>Removable design<\/li>\n<\/ul>\n<h3><strong>Two sprinklers with flat nozzle:<\/strong><\/h3>\n<ul>\n<li>Manually adjustable at angles with pneumatically operated valves<\/li>\n<li>Sprinklers are fitted with stainless steel ball valves, operated separately from the driver\u00b4s cab<\/li>\n<\/ul>\n<h3><strong>Two pieces of rear ozone nozzles:<\/strong><\/h3>\n<ul>\n<li>stainless steel ball valves, pneumatically operated from the driver\u00b4s cab<\/li>\n<\/ul>\n<h3><strong>Pressure line:<\/strong><\/h3>\n<ul>\n<li>Stainless steel ball valve, manually operated<\/li>\n<\/ul>\n<h3><strong>Accessories:<\/strong><\/h3>\n<ul>\n<li>1x large-volume inlet filter<\/li>\n<li>1x 20 m filling fire hose with coupling \u201eC\u201c<\/li>\n<li>1x streamer<\/li>\n<li>1x wrench for fire coupling<\/li>\n<li>1x reduction C\/B<\/li>\n<li>1x warning beacon on the structure<\/li>\n<li>HP pump WAP with gasoline engine<\/li>\n<\/ul>\n<h3><strong>Stainless steel self-winding drum with a hose, 25 m DN 8:<\/strong><\/h3>\n<ul>\n<li>Additional equipment of the chassis according to the decree (fenders, barriers, warning elements, etc.)<\/li>\n<\/ul>\n<h3><strong>Colour design:<\/strong><\/h3>\n<ul>\n<li>acrylic painting, shade according to RAL<\/li>\n<\/ul>\n<div id='gallery-1' class='gallery galleryid-365 gallery-columns-5 gallery-size-thumbnail'><figure class='gallery-item'>\r\n\t\t\t<div class='gallery-icon landscape'>\r\n\t\t\t\t<a href='https:\/\/fabok.cz\/wp-content\/uploads\/2017\/07\/001-13.jpg' title=\"V\u00fdm\u011bnn\u00e1 krop\u00edc\u00ed n\u00e1stavba FABOK CASPL 8\" data-rl_title=\"V\u00fdm\u011bnn\u00e1 krop\u00edc\u00ed n\u00e1stavba FABOK CASPL 8\" class=\"rl-gallery-link\" data-rl_caption=\"\" data-rel=\"lightbox-gallery-0\"><img loading=\"lazy\" decoding=\"async\" width=\"150\" height=\"150\" src=\"https:\/\/fabok.cz\/wp-content\/uploads\/2017\/07\/001-13-150x150.jpg\" class=\"attachment-thumbnail size-thumbnail\" alt=\"V\u00fdm\u011bnn\u00e1 krop\u00edc\u00ed n\u00e1stavba FABOK CASPL 8\" \/><\/a>\r\n\t\t\t<\/div><\/figure><figure class='gallery-item'>\r\n\t\t\t<div class='gallery-icon landscape'>\r\n\t\t\t\t<a href='https:\/\/fabok.cz\/wp-content\/uploads\/2017\/07\/002-13.jpg' title=\"V\u00fdm\u011bnn\u00e1 krop\u00edc\u00ed n\u00e1stavba FABOK CASPL 8\" data-rl_title=\"V\u00fdm\u011bnn\u00e1 krop\u00edc\u00ed n\u00e1stavba FABOK CASPL 8\" class=\"rl-gallery-link\" data-rl_caption=\"\" data-rel=\"lightbox-gallery-0\"><img loading=\"lazy\" decoding=\"async\" width=\"150\" height=\"150\" src=\"https:\/\/fabok.cz\/wp-content\/uploads\/2017\/07\/002-13-150x150.jpg\" class=\"attachment-thumbnail size-thumbnail\" alt=\"V\u00fdm\u011bnn\u00e1 krop\u00edc\u00ed n\u00e1stavba FABOK CASPL 8\" \/><\/a>\r\n\t\t\t<\/div><\/figure><figure class='gallery-item'>\r\n\t\t\t<div class='gallery-icon landscape'>\r\n\t\t\t\t<a href='https:\/\/fabok.cz\/wp-content\/uploads\/2017\/07\/003-13.jpg' title=\"V\u00fdm\u011bnn\u00e1 krop\u00edc\u00ed n\u00e1stavba FABOK CASPL 8\" data-rl_title=\"V\u00fdm\u011bnn\u00e1 krop\u00edc\u00ed n\u00e1stavba FABOK CASPL 8\" class=\"rl-gallery-link\" data-rl_caption=\"\" data-rel=\"lightbox-gallery-0\"><img loading=\"lazy\" decoding=\"async\" width=\"150\" height=\"150\" src=\"https:\/\/fabok.cz\/wp-content\/uploads\/2017\/07\/003-13-150x150.jpg\" class=\"attachment-thumbnail size-thumbnail\" alt=\"V\u00fdm\u011bnn\u00e1 krop\u00edc\u00ed n\u00e1stavba FABOK CASPL 8\" \/><\/a>\r\n\t\t\t<\/div><\/figure><figure class='gallery-item'>\r\n\t\t\t<div class='gallery-icon portrait'>\r\n\t\t\t\t<a href='https:\/\/fabok.cz\/wp-content\/uploads\/2017\/07\/004-11.jpg' title=\"V\u00fdm\u011bnn\u00e1 krop\u00edc\u00ed n\u00e1stavba FABOK CASPL 8\" data-rl_title=\"V\u00fdm\u011bnn\u00e1 krop\u00edc\u00ed n\u00e1stavba FABOK CASPL 8\" class=\"rl-gallery-link\" data-rl_caption=\"\" data-rel=\"lightbox-gallery-0\"><img loading=\"lazy\" decoding=\"async\" width=\"150\" height=\"150\" src=\"https:\/\/fabok.cz\/wp-content\/uploads\/2017\/07\/004-11-150x150.jpg\" class=\"attachment-thumbnail size-thumbnail\" alt=\"V\u00fdm\u011bnn\u00e1 krop\u00edc\u00ed n\u00e1stavba FABOK CASPL 8\" \/><\/a>\r\n\t\t\t<\/div><\/figure><\/div>\n\n","protected":false},"excerpt":{"rendered":"<p>Changing sprinkling unit FABOK KCASPL 8 Water pump KSB: Pumped amount max. 800 l\/min. Outlet pressure max. 16 bar Pressure line with terminal \u201eB\u201c event. \u201eC\u201c Lightening BY-PASS Hydraulic drive with electronic power control regardless of vehicle speed Tank: Stainless steel tank volume 8 m3 \u00a0 \u00a0\u00a0 Material AISI 304 Filling of the tank from [&hellip;]<\/p>\n","protected":false},"author":1,"featured_media":0,"parent":39,"menu_order":0,"comment_status":"closed","ping_status":"closed","template":"","meta":{"footnotes":""},"aioseo_notices":[],"_links":{"self":[{"href":"https:\/\/fabok.cz\/en\/wp-json\/wp\/v2\/pages\/365"}],"collection":[{"href":"https:\/\/fabok.cz\/en\/wp-json\/wp\/v2\/pages"}],"about":[{"href":"https:\/\/fabok.cz\/en\/wp-json\/wp\/v2\/types\/page"}],"author":[{"embeddable":true,"href":"https:\/\/fabok.cz\/en\/wp-json\/wp\/v2\/users\/1"}],"replies":[{"embeddable":true,"href":"https:\/\/fabok.cz\/en\/wp-json\/wp\/v2\/comments?post=365"}],"version-history":[{"count":4,"href":"https:\/\/fabok.cz\/en\/wp-json\/wp\/v2\/pages\/365\/revisions"}],"predecessor-version":[{"id":933,"href":"https:\/\/fabok.cz\/en\/wp-json\/wp\/v2\/pages\/365\/revisions\/933"}],"up":[{"embeddable":true,"href":"https:\/\/fabok.cz\/en\/wp-json\/wp\/v2\/pages\/39"}],"wp:attachment":[{"href":"https:\/\/fabok.cz\/en\/wp-json\/wp\/v2\/media?parent=365"}],"curies":[{"name":"wp","href":"https:\/\/api.w.org\/{rel}","templated":true}]}}