{"id":294,"date":"2017-07-03T17:18:47","date_gmt":"2017-07-03T17:18:47","guid":{"rendered":"http:\/\/nabytek-levny.eu\/?page_id=294"},"modified":"2021-01-25T14:10:28","modified_gmt":"2021-01-25T14:10:28","slug":"kombi-11","status":"publish","type":"page","link":"https:\/\/fabok.cz\/en\/nastavby\/sacokanalizacni-nastavby\/kombi-11\/","title":{"rendered":"Combi 1+1"},"content":{"rendered":"<h2>Combinated suction-sewage unit FABOK CASK 1\/1<\/h2>\n<h3><strong>Tank:<\/strong><\/h3>\n<ul>\n<li>tank volume 1 m\u00b3 (water) + 1 m\u00b3 (sludge)<\/li>\n<li>possibility of 2 m\u00b3 water for rinsing \u2013 bypass with filtration<\/li>\n<li>stainless steel<\/li>\n<li>filling connection C-coupling<\/li>\n<li>with overflow as overfill protection<\/li>\n<li>level control with sight glasses<\/li>\n<li>revision tank hole DN 500<\/li>\n<li>water filter on the filling line<\/li>\n<\/ul>\n<h3><strong>High pressure pump:<\/strong><\/h3>\n<ul>\n<li>PRATISSOLI KF 36<\/li>\n<li>operating max. 160 bar \/ max. 122 l\/min.<\/li>\n<li>pneumatically operated safety and control valve<\/li>\n<li>fine high-volume filter at the inlet to the pump<\/li>\n<li>glycerin filled manometer to check the operating pressure<\/li>\n<li>at the customer\u00b4s request, there is a possibility to supply another brand of the pump, eg WOMA<\/li>\n<\/ul>\n<h3><strong>Big hydraulic hose drum:<\/strong><\/h3>\n<ul>\n<li>firmly mounted on the rear lid<\/li>\n<li>hydraulically driven, with stepless speed control in both directions<\/li>\n<li>automatic hose guidance<\/li>\n<li>capacity for 80 m high pressure hose DN 3\/4\u2019\u2019<\/li>\n<li>cleaning nozzle<\/li>\n<li>pointed nozzle<\/li>\n<\/ul>\n<h3><strong>Vacuum pump:<\/strong><\/h3>\n<ul>\n<li>JUROP PN58 &#8211; power 5800 l\/min<\/li>\n<li>underpressure\u00a0 \u2013 0,8 bar<\/li>\n<li>overpressure\u00a0\u00a0 \u00a0\u00a00,5 bar<\/li>\n<\/ul>\n<h3><strong>Suction circuit:<\/strong><\/h3>\n<ul>\n<li>complete suction circuit including primary and secondary float valve, fine filter, safety valve, 4-way valve and oil separator including silencer<\/li>\n<\/ul>\n<h3><strong>Small hand hose drum:<\/strong><\/h3>\n<ul>\n<li>firmly mounted<\/li>\n<li>manually operated<\/li>\n<li>capacity for 40 m high pressure hose \u00bd\u201c<\/li>\n<li>cleaning nozzle<\/li>\n<li>pointed nozzle<\/li>\n<\/ul>\n<h3><strong>Operating panels:<\/strong><\/h3>\n<p><em>Operating station for both drums with the following functions:<\/em><\/p>\n<ul>\n<li>pressureless circulation<\/li>\n<li>hydraulic winch\n<ul>\n<li>wind \/ unwind<\/li>\n<\/ul>\n<\/li>\n<li>winch speed\n<ul>\n<li>stepless adjustable<\/li>\n<\/ul>\n<\/li>\n<li>winch selection\n<ul>\n<li>small\/big<\/li>\n<\/ul>\n<\/li>\n<\/ul>\n<h3><strong>Switchboard, located at the rear, with controls and monitoring elements for:<\/strong><\/h3>\n<ul>\n<li>high pressure pump ON\/OFF<\/li>\n<li>manometer (high pressure)<\/li>\n<li>high pressure pump operating hours counter<\/li>\n<li>EMERGENCY STOP button<\/li>\n<\/ul>\n<h3><strong>Hydraulics:<\/strong><\/h3>\n<p>Sufficiently sized oil tank with return filter and oil measuring device. Sufficiently dimensioned hydraulic systerm from the auxiliary drive of the chassis.<\/p>\n<h3><strong>Standard equipment:<\/strong><\/h3>\n<ul>\n<li>orange beacon on the structure<\/li>\n<li>hook wrench for C-coupling<\/li>\n<li>tool storage boxes on both sides of the structure<\/li>\n<li>mounting points for pickaxe and shovel<\/li>\n<li>work light on the rear part of the structure<\/li>\n<li>socket for connection of the magnetic reflector in the rear part of the structure<\/li>\n<li>lockable plastic box for nozzle storage<\/li>\n<li>1x magnetic reflector<\/li>\n<\/ul>\n<h3><strong>Color:<\/strong><\/h3>\n<ul>\n<li>superstructure, acrylic varnish according to RAL<\/li>\n<\/ul>\n<h3><strong>Standard winter measures:<\/strong><\/h3>\n<ul>\n<li>pneumatic drainage of fittings and hoses of the high-pressure part<\/li>\n<\/ul>\n<div id='gallery-1' class='gallery galleryid-294 gallery-columns-5 gallery-size-thumbnail'><figure class='gallery-item'>\r\n\t\t\t<div class='gallery-icon landscape'>\r\n\t\t\t\t<a href='https:\/\/fabok.cz\/wp-content\/uploads\/2017\/07\/001-7.jpg' title=\"Kombinovan\u00e1 saco-kanaliza\u010dn\u00ed n\u00e1stavba FABOK CASK 1\/1\" data-rl_title=\"Kombinovan\u00e1 saco-kanaliza\u010dn\u00ed n\u00e1stavba FABOK CASK 1\/1\" class=\"rl-gallery-link\" data-rl_caption=\"\" data-rel=\"lightbox-gallery-0\"><img loading=\"lazy\" decoding=\"async\" width=\"150\" height=\"150\" src=\"https:\/\/fabok.cz\/wp-content\/uploads\/2017\/07\/001-7-150x150.jpg\" class=\"attachment-thumbnail size-thumbnail\" alt=\"Kombinovan\u00e1 saco-kanaliza\u010dn\u00ed n\u00e1stavba FABOK CASK 1\/1\" \/><\/a>\r\n\t\t\t<\/div><\/figure><figure class='gallery-item'>\r\n\t\t\t<div class='gallery-icon landscape'>\r\n\t\t\t\t<a href='https:\/\/fabok.cz\/wp-content\/uploads\/2017\/07\/002-7.jpg' title=\"Kombinovan\u00e1 saco-kanaliza\u010dn\u00ed n\u00e1stavba FABOK CASK 1\/1\" data-rl_title=\"Kombinovan\u00e1 saco-kanaliza\u010dn\u00ed n\u00e1stavba FABOK CASK 1\/1\" class=\"rl-gallery-link\" data-rl_caption=\"\" data-rel=\"lightbox-gallery-0\"><img loading=\"lazy\" decoding=\"async\" width=\"150\" height=\"150\" src=\"https:\/\/fabok.cz\/wp-content\/uploads\/2017\/07\/002-7-150x150.jpg\" class=\"attachment-thumbnail size-thumbnail\" alt=\"Kombinovan\u00e1 saco-kanaliza\u010dn\u00ed n\u00e1stavba FABOK CASK 1\/1\" \/><\/a>\r\n\t\t\t<\/div><\/figure><figure class='gallery-item'>\r\n\t\t\t<div class='gallery-icon landscape'>\r\n\t\t\t\t<a href='https:\/\/fabok.cz\/wp-content\/uploads\/2017\/07\/003-7.jpg' title=\"Kombinovan\u00e1 saco-kanaliza\u010dn\u00ed n\u00e1stavba FABOK CASK 1\/1\" data-rl_title=\"Kombinovan\u00e1 saco-kanaliza\u010dn\u00ed n\u00e1stavba FABOK CASK 1\/1\" class=\"rl-gallery-link\" data-rl_caption=\"\" data-rel=\"lightbox-gallery-0\"><img loading=\"lazy\" decoding=\"async\" width=\"150\" height=\"150\" src=\"https:\/\/fabok.cz\/wp-content\/uploads\/2017\/07\/003-7-150x150.jpg\" class=\"attachment-thumbnail size-thumbnail\" alt=\"Kombinovan\u00e1 saco-kanaliza\u010dn\u00ed n\u00e1stavba FABOK CASK 1\/1\" \/><\/a>\r\n\t\t\t<\/div><\/figure><figure class='gallery-item'>\r\n\t\t\t<div class='gallery-icon landscape'>\r\n\t\t\t\t<a href='https:\/\/fabok.cz\/wp-content\/uploads\/2017\/07\/004-5.jpg' title=\"Kombinovan\u00e1 saco-kanaliza\u010dn\u00ed n\u00e1stavba FABOK CASK 1\/1\" data-rl_title=\"Kombinovan\u00e1 saco-kanaliza\u010dn\u00ed n\u00e1stavba FABOK CASK 1\/1\" class=\"rl-gallery-link\" data-rl_caption=\"\" data-rel=\"lightbox-gallery-0\"><img loading=\"lazy\" decoding=\"async\" width=\"150\" height=\"150\" src=\"https:\/\/fabok.cz\/wp-content\/uploads\/2017\/07\/004-5-150x150.jpg\" class=\"attachment-thumbnail size-thumbnail\" alt=\"Kombinovan\u00e1 saco-kanaliza\u010dn\u00ed n\u00e1stavba FABOK CASK 1\/1\" \/><\/a>\r\n\t\t\t<\/div><\/figure><figure class='gallery-item'>\r\n\t\t\t<div class='gallery-icon landscape'>\r\n\t\t\t\t<a href='https:\/\/fabok.cz\/wp-content\/uploads\/2017\/07\/005-3.jpg' title=\"Kombinovan\u00e1 saco-kanaliza\u010dn\u00ed n\u00e1stavba FABOK CASK 1\/1\" data-rl_title=\"Kombinovan\u00e1 saco-kanaliza\u010dn\u00ed n\u00e1stavba FABOK CASK 1\/1\" class=\"rl-gallery-link\" data-rl_caption=\"\" data-rel=\"lightbox-gallery-0\"><img loading=\"lazy\" decoding=\"async\" width=\"150\" height=\"150\" src=\"https:\/\/fabok.cz\/wp-content\/uploads\/2017\/07\/005-3-150x150.jpg\" class=\"attachment-thumbnail size-thumbnail\" alt=\"Kombinovan\u00e1 saco-kanaliza\u010dn\u00ed n\u00e1stavba FABOK CASK 1\/1\" \/><\/a>\r\n\t\t\t<\/div><\/figure><\/div>\n\n<p>&nbsp;<\/p>\n","protected":false},"excerpt":{"rendered":"<p>Combinated suction-sewage unit FABOK CASK 1\/1 Tank: tank volume 1 m\u00b3 (water) + 1 m\u00b3 (sludge) possibility of 2 m\u00b3 water for rinsing \u2013 bypass with filtration stainless steel filling connection C-coupling with overflow as overfill protection level control with sight glasses revision tank hole DN 500 water filter on the filling line High pressure [&hellip;]<\/p>\n","protected":false},"author":1,"featured_media":0,"parent":31,"menu_order":0,"comment_status":"closed","ping_status":"closed","template":"","meta":{"footnotes":""},"aioseo_notices":[],"_links":{"self":[{"href":"https:\/\/fabok.cz\/en\/wp-json\/wp\/v2\/pages\/294"}],"collection":[{"href":"https:\/\/fabok.cz\/en\/wp-json\/wp\/v2\/pages"}],"about":[{"href":"https:\/\/fabok.cz\/en\/wp-json\/wp\/v2\/types\/page"}],"author":[{"embeddable":true,"href":"https:\/\/fabok.cz\/en\/wp-json\/wp\/v2\/users\/1"}],"replies":[{"embeddable":true,"href":"https:\/\/fabok.cz\/en\/wp-json\/wp\/v2\/comments?post=294"}],"version-history":[{"count":4,"href":"https:\/\/fabok.cz\/en\/wp-json\/wp\/v2\/pages\/294\/revisions"}],"predecessor-version":[{"id":951,"href":"https:\/\/fabok.cz\/en\/wp-json\/wp\/v2\/pages\/294\/revisions\/951"}],"up":[{"embeddable":true,"href":"https:\/\/fabok.cz\/en\/wp-json\/wp\/v2\/pages\/31"}],"wp:attachment":[{"href":"https:\/\/fabok.cz\/en\/wp-json\/wp\/v2\/media?parent=294"}],"curies":[{"name":"wp","href":"https:\/\/api.w.org\/{rel}","templated":true}]}}