{"id":216,"date":"2017-07-03T09:32:59","date_gmt":"2017-07-03T09:32:59","guid":{"rendered":"http:\/\/nabytek-levny.eu\/?page_id=216"},"modified":"2021-01-24T18:04:33","modified_gmt":"2021-01-24T18:04:33","slug":"vymenna-nastavba-pro-nouzove-zasobovani-pitnou-vodou","status":"publish","type":"page","link":"https:\/\/fabok.cz\/en\/nastavby\/nastavby-na-pitnou-vodu\/vymenna-nastavba-pro-nouzove-zasobovani-pitnou-vodou\/","title":{"rendered":"Changing unit for emergency drinking water supply \u2013 KCAPv"},"content":{"rendered":"<h2>Changing unit 2,4 \u2013 4 m\u00b3 for emergency drinking water supply<\/h2>\n<h3><strong>Tank:<\/strong><\/h3>\n<ul>\n<li>tank volume 2,4 \u2013 4 m\u00b3<\/li>\n<li>stainless steel food grade material<\/li>\n<li>inspection manhole DN 500 in the upper part of the tank<\/li>\n<li>overflow from the tank as overfill protection<\/li>\n<li>firmly seated on the container frame<\/li>\n<li>hook height 1570 mm according to the customer request<\/li>\n<\/ul>\n<h3><strong>Tank filling:<\/strong><\/h3>\n<ul>\n<li>bottom filling from the hydrant by the quick coupling \u201eC\u201c<\/li>\n<li>filling line also serves to drain the tank<\/li>\n<\/ul>\n<h3><strong>Water distribution:<\/strong><\/h3>\n<ul>\n<li>2x ball valve 1\u201d<\/li>\n<li>1x ball valve 2\u201d with terminal \u201cC\u201d<\/li>\n<li>all fittings are located in an insulated box<\/li>\n<\/ul>\n<h3><strong>Surface design:<\/strong><\/h3>\n<ul>\n<li>the tank is placed in a PP cover with PUR foam insulation<\/li>\n<li>advertising stickers according to the assignment + inscriptions drinking water<\/li>\n<\/ul>\n<div id='gallery-1' class='gallery galleryid-216 gallery-columns-5 gallery-size-thumbnail'><figure class='gallery-item'>\r\n\t\t\t<div class='gallery-icon landscape'>\r\n\t\t\t\t<a href='https:\/\/fabok.cz\/wp-content\/uploads\/2017\/07\/001-3.jpg' title=\"V\u00fdm\u011bnn\u00e1 n\u00e1stavba 2,4 - 4 m\u00b3 pro nouzov\u00e9 z\u00e1sobov\u00e1n\u00ed pitnou vodou\" data-rl_title=\"V\u00fdm\u011bnn\u00e1 n\u00e1stavba 2,4 - 4 m\u00b3 pro nouzov\u00e9 z\u00e1sobov\u00e1n\u00ed pitnou vodou\" class=\"rl-gallery-link\" data-rl_caption=\"\" data-rel=\"lightbox-gallery-0\"><img loading=\"lazy\" decoding=\"async\" width=\"150\" height=\"150\" src=\"https:\/\/fabok.cz\/wp-content\/uploads\/2017\/07\/001-3-150x150.jpg\" class=\"attachment-thumbnail size-thumbnail\" alt=\"V\u00fdm\u011bnn\u00e1 n\u00e1stavba 2,4 - 4 m\u00b3 pro nouzov\u00e9 z\u00e1sobov\u00e1n\u00ed pitnou vodou\" \/><\/a>\r\n\t\t\t<\/div><\/figure><figure class='gallery-item'>\r\n\t\t\t<div class='gallery-icon landscape'>\r\n\t\t\t\t<a href='https:\/\/fabok.cz\/wp-content\/uploads\/2017\/07\/002-3.jpg' title=\"V\u00fdm\u011bnn\u00e1 n\u00e1stavba 2,4 - 4 m\u00b3 pro nouzov\u00e9 z\u00e1sobov\u00e1n\u00ed pitnou vodou\" data-rl_title=\"V\u00fdm\u011bnn\u00e1 n\u00e1stavba 2,4 - 4 m\u00b3 pro nouzov\u00e9 z\u00e1sobov\u00e1n\u00ed pitnou vodou\" class=\"rl-gallery-link\" data-rl_caption=\"\" data-rel=\"lightbox-gallery-0\"><img loading=\"lazy\" decoding=\"async\" width=\"150\" height=\"150\" src=\"https:\/\/fabok.cz\/wp-content\/uploads\/2017\/07\/002-3-150x150.jpg\" class=\"attachment-thumbnail size-thumbnail\" alt=\"V\u00fdm\u011bnn\u00e1 n\u00e1stavba 2,4 - 4 m\u00b3 pro nouzov\u00e9 z\u00e1sobov\u00e1n\u00ed pitnou vodou\" \/><\/a>\r\n\t\t\t<\/div><\/figure><figure class='gallery-item'>\r\n\t\t\t<div class='gallery-icon landscape'>\r\n\t\t\t\t<a href='https:\/\/fabok.cz\/wp-content\/uploads\/2017\/07\/003-3.jpg' title=\"V\u00fdm\u011bnn\u00e1 n\u00e1stavba 2,4 - 4 m\u00b3 pro nouzov\u00e9 z\u00e1sobov\u00e1n\u00ed pitnou vodou\" data-rl_title=\"V\u00fdm\u011bnn\u00e1 n\u00e1stavba 2,4 - 4 m\u00b3 pro nouzov\u00e9 z\u00e1sobov\u00e1n\u00ed pitnou vodou\" class=\"rl-gallery-link\" data-rl_caption=\"\" data-rel=\"lightbox-gallery-0\"><img loading=\"lazy\" decoding=\"async\" width=\"150\" height=\"150\" src=\"https:\/\/fabok.cz\/wp-content\/uploads\/2017\/07\/003-3-150x150.jpg\" class=\"attachment-thumbnail size-thumbnail\" alt=\"V\u00fdm\u011bnn\u00e1 n\u00e1stavba 2,4 - 4 m\u00b3 pro nouzov\u00e9 z\u00e1sobov\u00e1n\u00ed pitnou vodou\" \/><\/a>\r\n\t\t\t<\/div><\/figure><\/div>\n\n","protected":false},"excerpt":{"rendered":"<p>Changing unit 2,4 \u2013 4 m\u00b3 for emergency drinking water supply Tank: tank volume 2,4 \u2013 4 m\u00b3 stainless steel food grade material inspection manhole DN 500 in the upper part of the tank overflow from the tank as overfill protection firmly seated on the container frame hook height 1570 mm according to the customer [&hellip;]<\/p>\n","protected":false},"author":1,"featured_media":0,"parent":41,"menu_order":3,"comment_status":"closed","ping_status":"closed","template":"","meta":{"footnotes":""},"aioseo_notices":[],"_links":{"self":[{"href":"https:\/\/fabok.cz\/en\/wp-json\/wp\/v2\/pages\/216"}],"collection":[{"href":"https:\/\/fabok.cz\/en\/wp-json\/wp\/v2\/pages"}],"about":[{"href":"https:\/\/fabok.cz\/en\/wp-json\/wp\/v2\/types\/page"}],"author":[{"embeddable":true,"href":"https:\/\/fabok.cz\/en\/wp-json\/wp\/v2\/users\/1"}],"replies":[{"embeddable":true,"href":"https:\/\/fabok.cz\/en\/wp-json\/wp\/v2\/comments?post=216"}],"version-history":[{"count":5,"href":"https:\/\/fabok.cz\/en\/wp-json\/wp\/v2\/pages\/216\/revisions"}],"predecessor-version":[{"id":926,"href":"https:\/\/fabok.cz\/en\/wp-json\/wp\/v2\/pages\/216\/revisions\/926"}],"up":[{"embeddable":true,"href":"https:\/\/fabok.cz\/en\/wp-json\/wp\/v2\/pages\/41"}],"wp:attachment":[{"href":"https:\/\/fabok.cz\/en\/wp-json\/wp\/v2\/media?parent=216"}],"curies":[{"name":"wp","href":"https:\/\/api.w.org\/{rel}","templated":true}]}}