{"id":214,"date":"2017-07-03T09:32:29","date_gmt":"2017-07-03T09:32:29","guid":{"rendered":"http:\/\/nabytek-levny.eu\/?page_id=214"},"modified":"2021-01-24T18:12:23","modified_gmt":"2021-01-24T18:12:23","slug":"vymenna-kcapv-8","status":"publish","type":"page","link":"https:\/\/fabok.cz\/en\/nastavby\/nastavby-na-pitnou-vodu\/vymenna-kcapv-8\/","title":{"rendered":"Changing KCAPV 8"},"content":{"rendered":"<h2>Changing unit for emergency drinking water supply KCAPv 8<\/h2>\n<h3><strong>Tank:<\/strong><\/h3>\n<ul>\n<li>volume 8.000 l<\/li>\n<li>stainless steel materi\u00e1l with the certificate of the chief hygienist<\/li>\n<li>wall thickness of the tank and lid\u00a04 mm<\/li>\n<li>flexible mounted on the subframe<\/li>\n<li>inspection manhole DN 500 on the top of the tank, secured against unauthorized opening<\/li>\n<li>handling ladder at the inspection manhole, from the tubes upwards<\/li>\n<li>2x breakwater inside the tank<\/li>\n<li>indication of water tank filling with scale located behind the cabin with a possibility to control from operator\u00b4s place<\/li>\n<li>overflow from the tank under the vehicle as overfill protection<\/li>\n<li>storage tubs on both sides of the tank, stainless steel, lockable, insulated, tempered by independent heating in the width of the cabin<\/li>\n<li>orange warning beacon on the rear top side of the tank<\/li>\n<li>dividing walls inside the storage tubs<\/li>\n<li>a 3\u201c draining tap is located in the lowest part of the tank<\/li>\n<\/ul>\n<h3><strong>Tank filling:<\/strong><\/h3>\n<ul>\n<li>down filling from hydrant by the fire quick coupling \u201eB\u201c, located as close as possible to the door<\/li>\n<li>filling line also serves to drain the tank by gravity<\/li>\n<\/ul>\n<h3><strong>Water distribution:<\/strong><\/h3>\n<ul>\n<li>from the dispensing place with three 1\u201c ball valves, located in the lockable stainless steel box as close as possible to the door<\/li>\n<li>distribution box is insulated and tempered by independent heating, for work with reduced visibility, the box is equipped with lighting of controls and a 12V socket for a portable worklight<\/li>\n<li>by pressure line with quick coupling \u201eC\u201c using a distribution pump<\/li>\n<li>pump power max. 800 l\/min, discharge height up to 80 m<\/li>\n<li>pump is made of stainless steel material with food attestation<\/li>\n<li>pump is operated from the driver\u00b4s place<\/li>\n<li>distribution pump, water distribution and tank are equipped with drain holes in the lowest part, which serve for complete drainage of the system<\/li>\n<\/ul>\n<h3><strong>Insulation of the tank and distribution:<\/strong><\/h3>\n<ul>\n<li>insulation of distributions, dispensing places and storage tubs is dimensioned so that the functionality of the superstructure is guaranteed at a temperature of up to &#8211; 10 \u00b0 C for at least 24 hours<\/li>\n<\/ul>\n<h3><strong>Colour design:<\/strong><\/h3>\n<ul>\n<li>acrylic painting in RAL shade<\/li>\n<\/ul>\n<h3><strong>Accessories:<\/strong><\/h3>\n<ul>\n<li><u>mandatory equipment according to the decree<\/u><\/li>\n<li>3x distribution hoses in the length of 1m<\/li>\n<li>holders for hydrant extension and wrench<\/li>\n<li>1x filling fire hose 10m<\/li>\n<\/ul>\n<div id='gallery-1' class='gallery galleryid-214 gallery-columns-5 gallery-size-thumbnail'><figure class='gallery-item'>\r\n\t\t\t<div class='gallery-icon landscape'>\r\n\t\t\t\t<a href='https:\/\/fabok.cz\/wp-content\/uploads\/2017\/07\/001-2.jpg' title=\"V\u00fdm\u011bnn\u00e1 n\u00e1stavba pro z\u00e1sobov\u00e1n\u00ed pitnou vodou KCAPv 8\" data-rl_title=\"V\u00fdm\u011bnn\u00e1 n\u00e1stavba pro z\u00e1sobov\u00e1n\u00ed pitnou vodou KCAPv 8\" class=\"rl-gallery-link\" data-rl_caption=\"\" data-rel=\"lightbox-gallery-0\"><img loading=\"lazy\" decoding=\"async\" width=\"150\" height=\"150\" src=\"https:\/\/fabok.cz\/wp-content\/uploads\/2017\/07\/001-2-150x150.jpg\" class=\"attachment-thumbnail size-thumbnail\" alt=\"V\u00fdm\u011bnn\u00e1 n\u00e1stavba pro z\u00e1sobov\u00e1n\u00ed pitnou vodou KCAPv 8\" \/><\/a>\r\n\t\t\t<\/div><\/figure><figure class='gallery-item'>\r\n\t\t\t<div class='gallery-icon landscape'>\r\n\t\t\t\t<a href='https:\/\/fabok.cz\/wp-content\/uploads\/2017\/07\/002-2.jpg' title=\"V\u00fdm\u011bnn\u00e1 n\u00e1stavba pro z\u00e1sobov\u00e1n\u00ed pitnou vodou KCAPv 8\" data-rl_title=\"V\u00fdm\u011bnn\u00e1 n\u00e1stavba pro z\u00e1sobov\u00e1n\u00ed pitnou vodou KCAPv 8\" class=\"rl-gallery-link\" data-rl_caption=\"\" data-rel=\"lightbox-gallery-0\"><img loading=\"lazy\" decoding=\"async\" width=\"150\" height=\"150\" src=\"https:\/\/fabok.cz\/wp-content\/uploads\/2017\/07\/002-2-150x150.jpg\" class=\"attachment-thumbnail size-thumbnail\" alt=\"V\u00fdm\u011bnn\u00e1 n\u00e1stavba pro z\u00e1sobov\u00e1n\u00ed pitnou vodou KCAPv 8\" \/><\/a>\r\n\t\t\t<\/div><\/figure><figure class='gallery-item'>\r\n\t\t\t<div class='gallery-icon landscape'>\r\n\t\t\t\t<a href='https:\/\/fabok.cz\/wp-content\/uploads\/2017\/07\/003-2.jpg' title=\"V\u00fdm\u011bnn\u00e1 n\u00e1stavba pro z\u00e1sobov\u00e1n\u00ed pitnou vodou KCAPv 8\" data-rl_title=\"V\u00fdm\u011bnn\u00e1 n\u00e1stavba pro z\u00e1sobov\u00e1n\u00ed pitnou vodou KCAPv 8\" class=\"rl-gallery-link\" data-rl_caption=\"\" data-rel=\"lightbox-gallery-0\"><img loading=\"lazy\" decoding=\"async\" width=\"150\" height=\"150\" src=\"https:\/\/fabok.cz\/wp-content\/uploads\/2017\/07\/003-2-150x150.jpg\" class=\"attachment-thumbnail size-thumbnail\" alt=\"V\u00fdm\u011bnn\u00e1 n\u00e1stavba pro z\u00e1sobov\u00e1n\u00ed pitnou vodou KCAPv 8\" \/><\/a>\r\n\t\t\t<\/div><\/figure><figure class='gallery-item'>\r\n\t\t\t<div class='gallery-icon landscape'>\r\n\t\t\t\t<a href='https:\/\/fabok.cz\/wp-content\/uploads\/2017\/07\/004-2.jpg' title=\"V\u00fdm\u011bnn\u00e1 n\u00e1stavba pro z\u00e1sobov\u00e1n\u00ed pitnou vodou KCAPv 8\" data-rl_title=\"V\u00fdm\u011bnn\u00e1 n\u00e1stavba pro z\u00e1sobov\u00e1n\u00ed pitnou vodou KCAPv 8\" class=\"rl-gallery-link\" data-rl_caption=\"\" data-rel=\"lightbox-gallery-0\"><img loading=\"lazy\" decoding=\"async\" width=\"150\" height=\"150\" src=\"https:\/\/fabok.cz\/wp-content\/uploads\/2017\/07\/004-2-150x150.jpg\" class=\"attachment-thumbnail size-thumbnail\" alt=\"V\u00fdm\u011bnn\u00e1 n\u00e1stavba pro z\u00e1sobov\u00e1n\u00ed pitnou vodou KCAPv 8\" \/><\/a>\r\n\t\t\t<\/div><\/figure><figure class='gallery-item'>\r\n\t\t\t<div class='gallery-icon landscape'>\r\n\t\t\t\t<a href='https:\/\/fabok.cz\/wp-content\/uploads\/2017\/07\/005-1.jpg' title=\"V\u00fdm\u011bnn\u00e1 n\u00e1stavba pro z\u00e1sobov\u00e1n\u00ed pitnou vodou KCAPv 8\" data-rl_title=\"V\u00fdm\u011bnn\u00e1 n\u00e1stavba pro z\u00e1sobov\u00e1n\u00ed pitnou vodou KCAPv 8\" class=\"rl-gallery-link\" data-rl_caption=\"\" data-rel=\"lightbox-gallery-0\"><img loading=\"lazy\" decoding=\"async\" width=\"150\" height=\"150\" src=\"https:\/\/fabok.cz\/wp-content\/uploads\/2017\/07\/005-1-150x150.jpg\" class=\"attachment-thumbnail size-thumbnail\" alt=\"V\u00fdm\u011bnn\u00e1 n\u00e1stavba pro z\u00e1sobov\u00e1n\u00ed pitnou vodou KCAPv 8\" \/><\/a>\r\n\t\t\t<\/div><\/figure><\/div>\n\n","protected":false},"excerpt":{"rendered":"<p>Changing unit for emergency drinking water supply KCAPv 8 Tank: volume 8.000 l stainless steel materi\u00e1l with the certificate of the chief hygienist wall thickness of the tank and lid\u00a04 mm flexible mounted on the subframe inspection manhole DN 500 on the top of the tank, secured against unauthorized opening handling ladder at the inspection [&hellip;]<\/p>\n","protected":false},"author":1,"featured_media":0,"parent":41,"menu_order":2,"comment_status":"closed","ping_status":"closed","template":"","meta":{"footnotes":""},"aioseo_notices":[],"_links":{"self":[{"href":"https:\/\/fabok.cz\/en\/wp-json\/wp\/v2\/pages\/214"}],"collection":[{"href":"https:\/\/fabok.cz\/en\/wp-json\/wp\/v2\/pages"}],"about":[{"href":"https:\/\/fabok.cz\/en\/wp-json\/wp\/v2\/types\/page"}],"author":[{"embeddable":true,"href":"https:\/\/fabok.cz\/en\/wp-json\/wp\/v2\/users\/1"}],"replies":[{"embeddable":true,"href":"https:\/\/fabok.cz\/en\/wp-json\/wp\/v2\/comments?post=214"}],"version-history":[{"count":4,"href":"https:\/\/fabok.cz\/en\/wp-json\/wp\/v2\/pages\/214\/revisions"}],"predecessor-version":[{"id":927,"href":"https:\/\/fabok.cz\/en\/wp-json\/wp\/v2\/pages\/214\/revisions\/927"}],"up":[{"embeddable":true,"href":"https:\/\/fabok.cz\/en\/wp-json\/wp\/v2\/pages\/41"}],"wp:attachment":[{"href":"https:\/\/fabok.cz\/en\/wp-json\/wp\/v2\/media?parent=214"}],"curies":[{"name":"wp","href":"https:\/\/api.w.org\/{rel}","templated":true}]}}