{"id":210,"date":"2017-07-03T09:31:51","date_gmt":"2017-07-03T09:31:51","guid":{"rendered":"http:\/\/nabytek-levny.eu\/?page_id=210"},"modified":"2021-01-25T09:56:36","modified_gmt":"2021-01-25T09:56:36","slug":"dvouosy-prives-2-000-litru","status":"publish","type":"page","link":"https:\/\/fabok.cz\/en\/nastavby\/nastavby-na-pitnou-vodu\/dvouosy-prives-2-000-litru\/","title":{"rendered":"2-axle trailer 2 000 liters"},"content":{"rendered":"<h2>2-axle trailer incl. superstructure for emergency drinking water supply<\/h2>\n<h3><strong>Chassis:<\/strong><\/h3>\n<ul>\n<li>spiral trailer, for further completion with a total weight of 5.500 kg<\/li>\n<li>technical weight of the chassis approx. 1.600 kg<\/li>\n<li>gauge 1650 mm, wheelbase 2.100 mm<\/li>\n<li>steel frame with crossbars for fixing the tank<\/li>\n<li>two axles, drum brakes<\/li>\n<li>suspension by parabolic springs<\/li>\n<li>V\u00a0drawbar with standard locking, towing eye 40 mm<\/li>\n<li>JOST ball turntable<\/li>\n<li>air brakes KNORR, ABS<\/li>\n<li>wheels 17,5 \u2013 6,75, rims 6 holes<\/li>\n<li>safety boot incl. holder, common key for all pieces<\/li>\n<li>side barriers, plastic fenders, complete wiring<\/li>\n<li>sockets for lights + holders<\/li>\n<li>white overlay color with anti-graphite spray<\/li>\n<li>sticker with the operator&#8217;s logo<\/li>\n<li>the frame is hot-dip galvanized, the drawbars and axles are painted with a protective spray, the side walking pores are hot-dip galvanized<\/li>\n<\/ul>\n<h3><strong>Superstructure:<\/strong><\/h3>\n<ul>\n<li>volume 2.000 l, lenght 2820 mm<\/li>\n<li>stainless steel materi\u00e1l with the certificate of the chief hygienist<\/li>\n<li>wall thickness 3 mm<\/li>\n<li>firmly attached on the subframe, enlarged sub-area<\/li>\n<li>inspection manhole DN 500 on the top of the tank, secured against unauthorized opening<\/li>\n<li>1x breakwater inside the tank<\/li>\n<li>overflow from the tank under the vehicle as overfill protection<\/li>\n<\/ul>\n<h3><strong>Water distribution:<\/strong><\/h3>\n<ul>\n<li>from the dispensing place \u2013 1x sliding valve Myjava 2\u201c, located in the rear part of the trailer with quick coupling \u201eC\u201c<\/li>\n<li>from the dispensing place \u2013 1x sliding valve Myjava 1\u201c, located in the rear part of the trailer<\/li>\n<\/ul>\n<h3><strong>Insulation of the tank and distribution:<\/strong><\/h3>\n<ul>\n<li>insulation of the PUR tank with foam thickness approx. 5 cm in a laminate cover<\/li>\n<\/ul>\n<h3><strong>Documents:<\/strong><\/h3>\n<ul>\n<li>operating and maintenance instructions of the structure<\/li>\n<li>certified copy of the approval of the fixed superstructure type<\/li>\n<li>declaration of conformity<\/li>\n<li>technical cerficate of the trailer, including the registration of the structure<\/li>\n<\/ul>\n<div id='gallery-1' class='gallery galleryid-210 gallery-columns-5 gallery-size-thumbnail'><figure class='gallery-item'>\r\n\t\t\t<div class='gallery-icon landscape'>\r\n\t\t\t\t<a href='https:\/\/fabok.cz\/wp-content\/uploads\/2017\/07\/001.jpg' title=\"Dvouos\u00fd p\u0159\u00edv\u011bs v\u010d. n\u00e1stavby pro nouzov\u00e9 z\u00e1sobov\u00e1n\u00ed pitnou vodou\" data-rl_title=\"Dvouos\u00fd p\u0159\u00edv\u011bs v\u010d. n\u00e1stavby pro nouzov\u00e9 z\u00e1sobov\u00e1n\u00ed pitnou vodou\" class=\"rl-gallery-link\" data-rl_caption=\"\" data-rel=\"lightbox-gallery-0\"><img loading=\"lazy\" decoding=\"async\" width=\"150\" height=\"150\" src=\"https:\/\/fabok.cz\/wp-content\/uploads\/2017\/07\/001-150x150.jpg\" class=\"attachment-thumbnail size-thumbnail\" alt=\"Dvouos\u00fd p\u0159\u00edv\u011bs v\u010d. n\u00e1stavby pro nouzov\u00e9 z\u00e1sobov\u00e1n\u00ed pitnou vodou\" \/><\/a>\r\n\t\t\t<\/div><\/figure><figure class='gallery-item'>\r\n\t\t\t<div class='gallery-icon landscape'>\r\n\t\t\t\t<a href='https:\/\/fabok.cz\/wp-content\/uploads\/2017\/07\/002.jpg' title=\"Dvouos\u00fd p\u0159\u00edv\u011bs v\u010d. n\u00e1stavby pro nouzov\u00e9 z\u00e1sobov\u00e1n\u00ed pitnou vodou\" data-rl_title=\"Dvouos\u00fd p\u0159\u00edv\u011bs v\u010d. n\u00e1stavby pro nouzov\u00e9 z\u00e1sobov\u00e1n\u00ed pitnou vodou\" class=\"rl-gallery-link\" data-rl_caption=\"\" data-rel=\"lightbox-gallery-0\"><img loading=\"lazy\" decoding=\"async\" width=\"150\" height=\"150\" src=\"https:\/\/fabok.cz\/wp-content\/uploads\/2017\/07\/002-150x150.jpg\" class=\"attachment-thumbnail size-thumbnail\" alt=\"Dvouos\u00fd p\u0159\u00edv\u011bs v\u010d. n\u00e1stavby pro nouzov\u00e9 z\u00e1sobov\u00e1n\u00ed pitnou vodou\" \/><\/a>\r\n\t\t\t<\/div><\/figure><figure class='gallery-item'>\r\n\t\t\t<div class='gallery-icon landscape'>\r\n\t\t\t\t<a href='https:\/\/fabok.cz\/wp-content\/uploads\/2017\/07\/003.jpg' title=\"Dvouos\u00fd p\u0159\u00edv\u011bs v\u010d. n\u00e1stavby pro nouzov\u00e9 z\u00e1sobov\u00e1n\u00ed pitnou vodou\" data-rl_title=\"Dvouos\u00fd p\u0159\u00edv\u011bs v\u010d. n\u00e1stavby pro nouzov\u00e9 z\u00e1sobov\u00e1n\u00ed pitnou vodou\" class=\"rl-gallery-link\" data-rl_caption=\"\" data-rel=\"lightbox-gallery-0\"><img loading=\"lazy\" decoding=\"async\" width=\"150\" height=\"150\" src=\"https:\/\/fabok.cz\/wp-content\/uploads\/2017\/07\/003-150x150.jpg\" class=\"attachment-thumbnail size-thumbnail\" alt=\"Dvouos\u00fd p\u0159\u00edv\u011bs v\u010d. n\u00e1stavby pro nouzov\u00e9 z\u00e1sobov\u00e1n\u00ed pitnou vodou\" \/><\/a>\r\n\t\t\t<\/div><\/figure><figure class='gallery-item'>\r\n\t\t\t<div class='gallery-icon landscape'>\r\n\t\t\t\t<a href='https:\/\/fabok.cz\/wp-content\/uploads\/2017\/07\/004.jpg' title=\"Dvouos\u00fd p\u0159\u00edv\u011bs v\u010d. n\u00e1stavby pro nouzov\u00e9 z\u00e1sobov\u00e1n\u00ed pitnou vodou\" data-rl_title=\"Dvouos\u00fd p\u0159\u00edv\u011bs v\u010d. n\u00e1stavby pro nouzov\u00e9 z\u00e1sobov\u00e1n\u00ed pitnou vodou\" class=\"rl-gallery-link\" data-rl_caption=\"\" data-rel=\"lightbox-gallery-0\"><img loading=\"lazy\" decoding=\"async\" width=\"150\" height=\"150\" src=\"https:\/\/fabok.cz\/wp-content\/uploads\/2017\/07\/004-150x150.jpg\" class=\"attachment-thumbnail size-thumbnail\" alt=\"Dvouos\u00fd p\u0159\u00edv\u011bs v\u010d. n\u00e1stavby pro nouzov\u00e9 z\u00e1sobov\u00e1n\u00ed pitnou vodou\" \/><\/a>\r\n\t\t\t<\/div><\/figure><\/div>\n\n","protected":false},"excerpt":{"rendered":"<p>2-axle trailer incl. superstructure for emergency drinking water supply Chassis: spiral trailer, for further completion with a total weight of 5.500 kg technical weight of the chassis approx. 1.600 kg gauge 1650 mm, wheelbase 2.100 mm steel frame with crossbars for fixing the tank two axles, drum brakes suspension by parabolic springs V\u00a0drawbar with standard [&hellip;]<\/p>\n","protected":false},"author":1,"featured_media":0,"parent":41,"menu_order":0,"comment_status":"closed","ping_status":"closed","template":"","meta":{"footnotes":""},"aioseo_notices":[],"_links":{"self":[{"href":"https:\/\/fabok.cz\/en\/wp-json\/wp\/v2\/pages\/210"}],"collection":[{"href":"https:\/\/fabok.cz\/en\/wp-json\/wp\/v2\/pages"}],"about":[{"href":"https:\/\/fabok.cz\/en\/wp-json\/wp\/v2\/types\/page"}],"author":[{"embeddable":true,"href":"https:\/\/fabok.cz\/en\/wp-json\/wp\/v2\/users\/1"}],"replies":[{"embeddable":true,"href":"https:\/\/fabok.cz\/en\/wp-json\/wp\/v2\/comments?post=210"}],"version-history":[{"count":4,"href":"https:\/\/fabok.cz\/en\/wp-json\/wp\/v2\/pages\/210\/revisions"}],"predecessor-version":[{"id":930,"href":"https:\/\/fabok.cz\/en\/wp-json\/wp\/v2\/pages\/210\/revisions\/930"}],"up":[{"embeddable":true,"href":"https:\/\/fabok.cz\/en\/wp-json\/wp\/v2\/pages\/41"}],"wp:attachment":[{"href":"https:\/\/fabok.cz\/en\/wp-json\/wp\/v2\/media?parent=210"}],"curies":[{"name":"wp","href":"https:\/\/api.w.org\/{rel}","templated":true}]}}