{"id":82,"date":"2017-06-06T08:59:36","date_gmt":"2017-06-06T08:59:36","guid":{"rendered":"http:\/\/nabytek-levny.eu\/?page_id=82"},"modified":"2021-01-25T14:22:05","modified_gmt":"2021-01-25T14:22:05","slug":"vymenna-saci-nastavba-cas-45-adr-at","status":"publish","type":"page","link":"http:\/\/fabok.cz\/en\/nastavby\/nastavby-adr\/vymenna-saci-nastavba-cas-45-adr-at\/","title":{"rendered":"Changing suction unit CAS 4,5 ADR AT"},"content":{"rendered":"<h2>Chanching suction unit FABOK CAS 4,5 ADR AT<\/h2>\n<h3><strong>Tank:<\/strong><\/h3>\n<ul>\n<li>air volume approx. 4,5 m\u00b3<\/li>\n<li>carbon steel material<\/li>\n<li>firmly attached on the container frame with a backward tilt<\/li>\n<li>upper manhole DN 450<\/li>\n<li>fixed rear face with cleaning hole DN 300<\/li>\n<li>2 pcs of outer reinforcements<\/li>\n<li>level control with 4x sight glasses<\/li>\n<li>draining valve FABOK in the bottom part of the lid, pneumatically operated from the driver cabin<\/li>\n<\/ul>\n<h3><strong>Air-cooled vacuum pump JUROP 102:<\/strong><\/h3>\n<ul>\n<li>suction power 612 m\u00b3<\/li>\n<li>overpressure 0,5 bar<\/li>\n<li>air filter on the suction line<\/li>\n<li>reverse flap<\/li>\n<li>automatic lubrication<\/li>\n<li>vacuum compressor exhaust silencer with ecological oil separator<\/li>\n<li>oversuction protection by primary closing valve in the tank<\/li>\n<li>oversuction protection by secondary closing valve in front of the vacuum pump<\/li>\n<li>mano-vakuometer<\/li>\n<li>4-way valve, manually operated<\/li>\n<\/ul>\n<h3><strong>Accessories:<\/strong><\/h3>\n<ul>\n<li>2x open stainless steel side hose tubs on both sides<\/li>\n<li>2x sprinkling nozzle on the rear superstructure side<\/li>\n<\/ul>\n<h3><strong>Color:<\/strong><\/h3>\n<ul>\n<li>Shade acoording to customer requirements<\/li>\n<\/ul>\n<div id='gallery-1' class='gallery galleryid-82 gallery-columns-5 gallery-size-thumbnail'><figure class='gallery-item'>\r\n\t\t\t<div class='gallery-icon landscape'>\r\n\t\t\t\t<a href='http:\/\/fabok.cz\/wp-content\/uploads\/2017\/06\/001-1.jpg' title=\"V\u00fdm\u011bnn\u00e1 sac\u00ed n\u00e1stavba FABOK CAS 4,5 ADR AT\" data-rl_title=\"V\u00fdm\u011bnn\u00e1 sac\u00ed n\u00e1stavba FABOK CAS 4,5 ADR AT\" class=\"rl-gallery-link\" data-rl_caption=\"\" data-rel=\"lightbox-gallery-0\"><img loading=\"lazy\" decoding=\"async\" width=\"150\" height=\"150\" src=\"http:\/\/fabok.cz\/wp-content\/uploads\/2017\/06\/001-1-150x150.jpg\" class=\"attachment-thumbnail size-thumbnail\" alt=\"V\u00fdm\u011bnn\u00e1 sac\u00ed n\u00e1stavba FABOK CAS 4,5 ADR AT\" \/><\/a>\r\n\t\t\t<\/div><\/figure><figure class='gallery-item'>\r\n\t\t\t<div class='gallery-icon landscape'>\r\n\t\t\t\t<a href='http:\/\/fabok.cz\/wp-content\/uploads\/2017\/06\/002-1.jpg' title=\"V\u00fdm\u011bnn\u00e1 sac\u00ed n\u00e1stavba FABOK CAS 4,5 ADR AT\" data-rl_title=\"V\u00fdm\u011bnn\u00e1 sac\u00ed n\u00e1stavba FABOK CAS 4,5 ADR AT\" class=\"rl-gallery-link\" data-rl_caption=\"\" data-rel=\"lightbox-gallery-0\"><img loading=\"lazy\" decoding=\"async\" width=\"150\" height=\"150\" src=\"http:\/\/fabok.cz\/wp-content\/uploads\/2017\/06\/002-1-150x150.jpg\" class=\"attachment-thumbnail size-thumbnail\" alt=\"V\u00fdm\u011bnn\u00e1 sac\u00ed n\u00e1stavba FABOK CAS 4,5 ADR AT\" \/><\/a>\r\n\t\t\t<\/div><\/figure><figure class='gallery-item'>\r\n\t\t\t<div class='gallery-icon portrait'>\r\n\t\t\t\t<a href='http:\/\/fabok.cz\/wp-content\/uploads\/2017\/06\/003-1.jpg' title=\"V\u00fdm\u011bnn\u00e1 sac\u00ed n\u00e1stavba FABOK CAS 4,5 ADR AT\" data-rl_title=\"V\u00fdm\u011bnn\u00e1 sac\u00ed n\u00e1stavba FABOK CAS 4,5 ADR AT\" class=\"rl-gallery-link\" data-rl_caption=\"\" data-rel=\"lightbox-gallery-0\"><img loading=\"lazy\" decoding=\"async\" width=\"150\" height=\"150\" src=\"http:\/\/fabok.cz\/wp-content\/uploads\/2017\/06\/003-1-150x150.jpg\" class=\"attachment-thumbnail size-thumbnail\" alt=\"V\u00fdm\u011bnn\u00e1 sac\u00ed n\u00e1stavba FABOK CAS 4,5 ADR AT\" \/><\/a>\r\n\t\t\t<\/div><\/figure><figure class='gallery-item'>\r\n\t\t\t<div class='gallery-icon landscape'>\r\n\t\t\t\t<a href='http:\/\/fabok.cz\/wp-content\/uploads\/2017\/06\/004-1.jpg' title=\"V\u00fdm\u011bnn\u00e1 sac\u00ed n\u00e1stavba FABOK CAS 4,5 ADR AT\" data-rl_title=\"V\u00fdm\u011bnn\u00e1 sac\u00ed n\u00e1stavba FABOK CAS 4,5 ADR AT\" class=\"rl-gallery-link\" data-rl_caption=\"\" data-rel=\"lightbox-gallery-0\"><img loading=\"lazy\" decoding=\"async\" width=\"150\" height=\"150\" src=\"http:\/\/fabok.cz\/wp-content\/uploads\/2017\/06\/004-1-150x150.jpg\" class=\"attachment-thumbnail size-thumbnail\" alt=\"V\u00fdm\u011bnn\u00e1 sac\u00ed n\u00e1stavba FABOK CAS 4,5 ADR AT\" \/><\/a>\r\n\t\t\t<\/div><\/figure><figure class='gallery-item'>\r\n\t\t\t<div class='gallery-icon portrait'>\r\n\t\t\t\t<a href='http:\/\/fabok.cz\/wp-content\/uploads\/2017\/06\/005-1.jpg' title=\"V\u00fdm\u011bnn\u00e1 sac\u00ed n\u00e1stavba FABOK CAS 4,5 ADR AT\" data-rl_title=\"V\u00fdm\u011bnn\u00e1 sac\u00ed n\u00e1stavba FABOK CAS 4,5 ADR AT\" class=\"rl-gallery-link\" data-rl_caption=\"\" data-rel=\"lightbox-gallery-0\"><img loading=\"lazy\" decoding=\"async\" width=\"150\" height=\"150\" src=\"http:\/\/fabok.cz\/wp-content\/uploads\/2017\/06\/005-1-150x150.jpg\" class=\"attachment-thumbnail size-thumbnail\" alt=\"V\u00fdm\u011bnn\u00e1 sac\u00ed n\u00e1stavba FABOK CAS 4,5 ADR AT\" \/><\/a>\r\n\t\t\t<\/div><\/figure><figure class='gallery-item'>\r\n\t\t\t<div class='gallery-icon landscape'>\r\n\t\t\t\t<a href='http:\/\/fabok.cz\/wp-content\/uploads\/2017\/06\/006-1.jpg' title=\"V\u00fdm\u011bnn\u00e1 sac\u00ed n\u00e1stavba FABOK CAS 4,5 ADR AT\" data-rl_title=\"V\u00fdm\u011bnn\u00e1 sac\u00ed n\u00e1stavba FABOK CAS 4,5 ADR AT\" class=\"rl-gallery-link\" data-rl_caption=\"\" data-rel=\"lightbox-gallery-0\"><img loading=\"lazy\" decoding=\"async\" width=\"150\" height=\"150\" src=\"http:\/\/fabok.cz\/wp-content\/uploads\/2017\/06\/006-1-150x150.jpg\" class=\"attachment-thumbnail size-thumbnail\" alt=\"V\u00fdm\u011bnn\u00e1 sac\u00ed n\u00e1stavba FABOK CAS 4,5 ADR AT\" \/><\/a>\r\n\t\t\t<\/div><\/figure><figure class='gallery-item'>\r\n\t\t\t<div class='gallery-icon portrait'>\r\n\t\t\t\t<a href='http:\/\/fabok.cz\/wp-content\/uploads\/2017\/06\/007-1.jpg' title=\"V\u00fdm\u011bnn\u00e1 sac\u00ed n\u00e1stavba FABOK CAS 4,5 ADR AT\" data-rl_title=\"V\u00fdm\u011bnn\u00e1 sac\u00ed n\u00e1stavba FABOK CAS 4,5 ADR AT\" class=\"rl-gallery-link\" data-rl_caption=\"\" data-rel=\"lightbox-gallery-0\"><img loading=\"lazy\" decoding=\"async\" width=\"150\" height=\"150\" src=\"http:\/\/fabok.cz\/wp-content\/uploads\/2017\/06\/007-1-150x150.jpg\" class=\"attachment-thumbnail size-thumbnail\" alt=\"V\u00fdm\u011bnn\u00e1 sac\u00ed n\u00e1stavba FABOK CAS 4,5 ADR AT\" \/><\/a>\r\n\t\t\t<\/div><\/figure><\/div>\n\n","protected":false},"excerpt":{"rendered":"<p>Chanching suction unit FABOK CAS 4,5 ADR AT Tank: air volume approx. 4,5 m\u00b3 carbon steel material firmly attached on the container frame with a backward tilt upper manhole DN 450 fixed rear face with cleaning hole DN 300 2 pcs of outer reinforcements level control with 4x sight glasses draining valve FABOK in the [&hellip;]<\/p>\n","protected":false},"author":1,"featured_media":0,"parent":26,"menu_order":0,"comment_status":"closed","ping_status":"closed","template":"","meta":{"footnotes":""},"aioseo_notices":[],"_links":{"self":[{"href":"http:\/\/fabok.cz\/en\/wp-json\/wp\/v2\/pages\/82"}],"collection":[{"href":"http:\/\/fabok.cz\/en\/wp-json\/wp\/v2\/pages"}],"about":[{"href":"http:\/\/fabok.cz\/en\/wp-json\/wp\/v2\/types\/page"}],"author":[{"embeddable":true,"href":"http:\/\/fabok.cz\/en\/wp-json\/wp\/v2\/users\/1"}],"replies":[{"embeddable":true,"href":"http:\/\/fabok.cz\/en\/wp-json\/wp\/v2\/comments?post=82"}],"version-history":[{"count":5,"href":"http:\/\/fabok.cz\/en\/wp-json\/wp\/v2\/pages\/82\/revisions"}],"predecessor-version":[{"id":953,"href":"http:\/\/fabok.cz\/en\/wp-json\/wp\/v2\/pages\/82\/revisions\/953"}],"up":[{"embeddable":true,"href":"http:\/\/fabok.cz\/en\/wp-json\/wp\/v2\/pages\/26"}],"wp:attachment":[{"href":"http:\/\/fabok.cz\/en\/wp-json\/wp\/v2\/media?parent=82"}],"curies":[{"name":"wp","href":"https:\/\/api.w.org\/{rel}","templated":true}]}}