{"id":76,"date":"2017-06-06T08:58:59","date_gmt":"2017-06-06T08:58:59","guid":{"rendered":"http:\/\/nabytek-levny.eu\/?page_id=76"},"modified":"2021-01-25T14:36:18","modified_gmt":"2021-01-25T14:36:18","slug":"kombi-adr-103","status":"publish","type":"page","link":"http:\/\/fabok.cz\/en\/nastavby\/nastavby-adr\/kombi-adr-103\/","title":{"rendered":"Combi ADR 10+3"},"content":{"rendered":"<h2>Combined suction-sewage unit FABOK CASK 12\/3 in ADR modification<\/h2>\n<h3><strong>Sludge tank:<\/strong><\/h3>\n<ul>\n<li>stainless steel material 316 Ti \u00a0(construction according to ADR)<\/li>\n<li>wall thickness min. 5 mm<\/li>\n<li>total air volume of the tank 12m\u00b3<\/li>\n<li>tilting backwards by a telescopic cylinder (faster variant)<\/li>\n<li>hydraulically openable rear lid in the whole cross section<\/li>\n<li>stainless steel sheet under the rear lid &#8211; hydraulic securing of the rear lid<\/li>\n<li>sludge tank with float level indicator, calibrated by 1m\u00b3<\/li>\n<li>2x suction \/ draining pneumatically operated rear valve DN 150 in stainless steel design<\/li>\n<li>suction circuit for the trailer, including control<\/li>\n<li>stainless steel removable breakwater, U profile with\u00a0bottom part shift<\/li>\n<li>stainless steel reinforcement on the rear face &#8211; upper suction DN 100, manually operated slide valve<\/li>\n<\/ul>\n<h3><strong>Liquid ring vacuum pump:<\/strong><\/h3>\n<ul>\n<li>Gardner Denver Aqualine<\/li>\n<li>suction capacity max. 2.100 m3\/h<\/li>\n<li>max. working overpressure 0,5 bar<\/li>\n<li>hydraulically operated<\/li>\n<li>water cooled vacuum pump<\/li>\n<li>heat exchanger with thermostat and ventilator<\/li>\n<li>4-way valve, pneumatically operated<\/li>\n<li>stainless steel protection against overflow with float closure and safety filter<\/li>\n<li>stainless steel ecological separator with silencer<\/li>\n<\/ul>\n<h3><strong>High pressure pump:<\/strong><\/h3>\n<ul>\n<li>power min. 137 l\/min, min. 140 bar<\/li>\n<li>hydraulic drive<\/li>\n<li>full flow safety and control valve, pneumatically driven<\/li>\n<li>large-volume inflow filter in front of the pump<\/li>\n<li>manometer<\/li>\n<\/ul>\n<h3><strong>High pressure pump accessories<\/strong>:<\/h3>\n<ul>\n<li>pneumatic circuit for high pressure pump draining<\/li>\n<li>1x pressure gun for 3\/4\u201c hose including pointed and flat nozzle<\/li>\n<li>cleaning and pointed nozzle to the hose 3\/8\u201c and 3\/4\u201c<\/li>\n<\/ul>\n<h3><strong>Small hose drum:<\/strong><\/h3>\n<ul>\n<li>mounted on the rear lower left side of the superstructure with capacity of 50 m high pressure hose DN 3\/8\u2019\u2019<\/li>\n<li>manually operated<\/li>\n<li>quick coupler for high pressure gun connection<\/li>\n<\/ul>\n<h3><strong>Big hose drum:<\/strong><\/h3>\n<ul>\n<li>mounted on the rear lower right side of the superstructure<\/li>\n<li>hydraulically driven with roll and automatic hose guidance<\/li>\n<li>capacity for 80 m high pressure hose DN 3\/4\u2019\u2019<\/li>\n<\/ul>\n<h3><strong>Stainless steel water tank:<\/strong><\/h3>\n<ul>\n<li>tank capacity approx. 3 m\u00b3<\/li>\n<li>tank filling from hydrant pressure water from both sides, hose end \u2018\u2019C\u2019\u2019<\/li>\n<li>with overflow as overfill protection<\/li>\n<li>indication of water tank filling with scale<\/li>\n<li>high-volume filling filter<\/li>\n<li>optical and acoustic level signalization<\/li>\n<\/ul>\n<h3><strong>Telescopic suction boom JUROP:<\/strong><\/h3>\n<ul>\n<li>installed on the rear upper part of the tank<\/li>\n<li>hydraulically operated extending \/ retracting<\/li>\n<li>suction hose DN 150<\/li>\n<li>hydraulically operated lifting \/ lowering<\/li>\n<li>hydraulical rotating<\/li>\n<li>pneumatic inner valve<\/li>\n<li>range min. 5 m from the axis<\/li>\n<li>range of rotation min. 270\u00b0<\/li>\n<li>control from the main control panel + wireless control of all suction arm functions<\/li>\n<\/ul>\n<h3><strong>Control:<\/strong><\/h3>\n<ul>\n<li>main control panel located on the right side, covered \u2013 vakuum pump on\/off, vakuometer, tachometer, counter\u00a0MTH of vakuum pump, stop button, suction \/ pressing, engine start + speed control<\/li>\n<\/ul>\n<h3><strong>Accessories:<\/strong><\/h3>\n<ul>\n<li>stainless steel side tubs on both sides in the maximum possible lenght, with drip draining according to\u00a0ADR, closing and lockable &#8211; 1x beacon at the rear top of the tank<\/li>\n<li>1x stainless injector DN100 stainless terminal G\u00f6sler<\/li>\n<li>1x stainless injector DN80 stainless terminal G\u00f6sler<\/li>\n<li>1x stainless needle DN50 end G\u00f6sler, at the top bent at 90\u00b0, bottom cut to 45\u00b0 with total length of 1100 mm<\/li>\n<li>1x portable halogen light<\/li>\n<li>2x working light at the rear top of the tank<\/li>\n<li>2x working light on both sides of the tank<\/li>\n<li>2x plastic lockable case<\/li>\n<li>1x aluminium ladder as long as possible<\/li>\n<li>towing device ISO 50 on the rear bumper<\/li>\n<li>stainless adapter DN150 G\u00f6sler\/ DN80 G\u00f6sler<\/li>\n<li>stainless adapter DN150 G\u00f6sler\/ DN100 G\u00f6sler<\/li>\n<li>stainless adapter DN 80 G\u00f6sler\/DN50 G\u00f6sler<\/li>\n<li>6 pcs chemically and thermally resistant suction hoses up to 85\u00b0C, length 3m, DN80 stainless terminal G\u00f6sler<\/li>\n<li>6 pcs chemically and thermally resistant suction hoses up to 85\u00b0C, length 3m, DN100 stainless terminal G\u00f6sler<\/li>\n<li>6 pcs chemically and thermally resistant suction hoses up to 85\u00b0C, length 3m, DN 50 stainless terminal G\u00f6sler<\/li>\n<li>ADR accessories \u2013 bag, ADR signs in front and back, rhombuses at the back and sides, \u201eA\u201c signs in front and back<\/li>\n<li>2 pcs of 6 kg fire extinguishers, including protective boxes<\/li>\n<li>approx. 5 pcs of brass adapters of DN 80 G\u00f6sler for various commonly used terminals<\/li>\n<\/ul>\n<div id='gallery-1' class='gallery galleryid-76 gallery-columns-5 gallery-size-thumbnail'><figure class='gallery-item'>\r\n\t\t\t<div class='gallery-icon landscape'>\r\n\t\t\t\t<a href='http:\/\/fabok.cz\/wp-content\/uploads\/2017\/06\/001.jpg' title=\"Kombinovan\u00e1 saco-kanaliza\u010dn\u00ed n\u00e1stavba FABOK CASK 12\/3 v \u00faprav\u011b ADR\" data-rl_title=\"Kombinovan\u00e1 saco-kanaliza\u010dn\u00ed n\u00e1stavba FABOK CASK 12\/3 v \u00faprav\u011b ADR\" class=\"rl-gallery-link\" data-rl_caption=\"\" data-rel=\"lightbox-gallery-0\"><img loading=\"lazy\" decoding=\"async\" width=\"150\" height=\"150\" src=\"http:\/\/fabok.cz\/wp-content\/uploads\/2017\/06\/001-150x150.jpg\" class=\"attachment-thumbnail size-thumbnail\" alt=\"Kombinovan\u00e1 saco-kanaliza\u010dn\u00ed n\u00e1stavba FABOK CASK 12\/3 v \u00faprav\u011b ADR\" \/><\/a>\r\n\t\t\t<\/div><\/figure><figure class='gallery-item'>\r\n\t\t\t<div class='gallery-icon landscape'>\r\n\t\t\t\t<a href='http:\/\/fabok.cz\/wp-content\/uploads\/2017\/06\/002.jpg' title=\"Kombinovan\u00e1 saco-kanaliza\u010dn\u00ed n\u00e1stavba FABOK CASK 12\/3 v \u00faprav\u011b ADR\" data-rl_title=\"Kombinovan\u00e1 saco-kanaliza\u010dn\u00ed n\u00e1stavba FABOK CASK 12\/3 v \u00faprav\u011b ADR\" class=\"rl-gallery-link\" data-rl_caption=\"\" data-rel=\"lightbox-gallery-0\"><img loading=\"lazy\" decoding=\"async\" width=\"150\" height=\"150\" src=\"http:\/\/fabok.cz\/wp-content\/uploads\/2017\/06\/002-150x150.jpg\" class=\"attachment-thumbnail size-thumbnail\" alt=\"Kombinovan\u00e1 saco-kanaliza\u010dn\u00ed n\u00e1stavba FABOK CASK 12\/3 v \u00faprav\u011b ADR\" \/><\/a>\r\n\t\t\t<\/div><\/figure><figure class='gallery-item'>\r\n\t\t\t<div class='gallery-icon landscape'>\r\n\t\t\t\t<a href='http:\/\/fabok.cz\/wp-content\/uploads\/2017\/06\/003.jpg' title=\"Kombinovan\u00e1 saco-kanaliza\u010dn\u00ed n\u00e1stavba FABOK CASK 12\/3 v \u00faprav\u011b ADR\" data-rl_title=\"Kombinovan\u00e1 saco-kanaliza\u010dn\u00ed n\u00e1stavba FABOK CASK 12\/3 v \u00faprav\u011b ADR\" class=\"rl-gallery-link\" data-rl_caption=\"\" data-rel=\"lightbox-gallery-0\"><img loading=\"lazy\" decoding=\"async\" width=\"150\" height=\"150\" src=\"http:\/\/fabok.cz\/wp-content\/uploads\/2017\/06\/003-150x150.jpg\" class=\"attachment-thumbnail size-thumbnail\" alt=\"Kombinovan\u00e1 saco-kanaliza\u010dn\u00ed n\u00e1stavba FABOK CASK 12\/3 v \u00faprav\u011b ADR\" \/><\/a>\r\n\t\t\t<\/div><\/figure><figure class='gallery-item'>\r\n\t\t\t<div class='gallery-icon landscape'>\r\n\t\t\t\t<a href='http:\/\/fabok.cz\/wp-content\/uploads\/2017\/06\/004.jpg' title=\"Kombinovan\u00e1 saco-kanaliza\u010dn\u00ed n\u00e1stavba FABOK CASK 12\/3 v \u00faprav\u011b ADR\" data-rl_title=\"Kombinovan\u00e1 saco-kanaliza\u010dn\u00ed n\u00e1stavba FABOK CASK 12\/3 v \u00faprav\u011b ADR\" class=\"rl-gallery-link\" data-rl_caption=\"\" data-rel=\"lightbox-gallery-0\"><img loading=\"lazy\" decoding=\"async\" width=\"150\" height=\"150\" src=\"http:\/\/fabok.cz\/wp-content\/uploads\/2017\/06\/004-150x150.jpg\" class=\"attachment-thumbnail size-thumbnail\" alt=\"Kombinovan\u00e1 saco-kanaliza\u010dn\u00ed n\u00e1stavba FABOK CASK 12\/3 v \u00faprav\u011b ADR\" \/><\/a>\r\n\t\t\t<\/div><\/figure><figure class='gallery-item'>\r\n\t\t\t<div class='gallery-icon landscape'>\r\n\t\t\t\t<a href='http:\/\/fabok.cz\/wp-content\/uploads\/2017\/06\/005.jpg' title=\"Kombinovan\u00e1 saco-kanaliza\u010dn\u00ed n\u00e1stavba FABOK CASK 12\/3 v \u00faprav\u011b ADR\" data-rl_title=\"Kombinovan\u00e1 saco-kanaliza\u010dn\u00ed n\u00e1stavba FABOK CASK 12\/3 v \u00faprav\u011b ADR\" class=\"rl-gallery-link\" data-rl_caption=\"\" data-rel=\"lightbox-gallery-0\"><img loading=\"lazy\" decoding=\"async\" width=\"150\" height=\"150\" src=\"http:\/\/fabok.cz\/wp-content\/uploads\/2017\/06\/005-150x150.jpg\" class=\"attachment-thumbnail size-thumbnail\" alt=\"Kombinovan\u00e1 saco-kanaliza\u010dn\u00ed n\u00e1stavba FABOK CASK 12\/3 v \u00faprav\u011b ADR\" \/><\/a>\r\n\t\t\t<\/div><\/figure><figure class='gallery-item'>\r\n\t\t\t<div class='gallery-icon landscape'>\r\n\t\t\t\t<a href='http:\/\/fabok.cz\/wp-content\/uploads\/2017\/06\/006.jpg' title=\"Kombinovan\u00e1 saco-kanaliza\u010dn\u00ed n\u00e1stavba FABOK CASK 12\/3 v \u00faprav\u011b ADR\" data-rl_title=\"Kombinovan\u00e1 saco-kanaliza\u010dn\u00ed n\u00e1stavba FABOK CASK 12\/3 v \u00faprav\u011b ADR\" class=\"rl-gallery-link\" data-rl_caption=\"\" data-rel=\"lightbox-gallery-0\"><img loading=\"lazy\" decoding=\"async\" width=\"150\" height=\"150\" src=\"http:\/\/fabok.cz\/wp-content\/uploads\/2017\/06\/006-150x150.jpg\" class=\"attachment-thumbnail size-thumbnail\" alt=\"Kombinovan\u00e1 saco-kanaliza\u010dn\u00ed n\u00e1stavba FABOK CASK 12\/3 v \u00faprav\u011b ADR\" \/><\/a>\r\n\t\t\t<\/div><\/figure><figure class='gallery-item'>\r\n\t\t\t<div class='gallery-icon landscape'>\r\n\t\t\t\t<a href='http:\/\/fabok.cz\/wp-content\/uploads\/2017\/06\/007.jpg' title=\"Kombinovan\u00e1 saco-kanaliza\u010dn\u00ed n\u00e1stavba FABOK CASK 12\/3 v \u00faprav\u011b ADR\" data-rl_title=\"Kombinovan\u00e1 saco-kanaliza\u010dn\u00ed n\u00e1stavba FABOK CASK 12\/3 v \u00faprav\u011b ADR\" class=\"rl-gallery-link\" data-rl_caption=\"\" data-rel=\"lightbox-gallery-0\"><img loading=\"lazy\" decoding=\"async\" width=\"150\" height=\"150\" src=\"http:\/\/fabok.cz\/wp-content\/uploads\/2017\/06\/007-150x150.jpg\" class=\"attachment-thumbnail size-thumbnail\" alt=\"Kombinovan\u00e1 saco-kanaliza\u010dn\u00ed n\u00e1stavba FABOK CASK 12\/3 v \u00faprav\u011b ADR\" \/><\/a>\r\n\t\t\t<\/div><\/figure><figure class='gallery-item'>\r\n\t\t\t<div class='gallery-icon landscape'>\r\n\t\t\t\t<a href='http:\/\/fabok.cz\/wp-content\/uploads\/2017\/06\/008.jpg' title=\"Kombinovan\u00e1 saco-kanaliza\u010dn\u00ed n\u00e1stavba FABOK CASK 12\/3 v \u00faprav\u011b ADR\" data-rl_title=\"Kombinovan\u00e1 saco-kanaliza\u010dn\u00ed n\u00e1stavba FABOK CASK 12\/3 v \u00faprav\u011b ADR\" class=\"rl-gallery-link\" data-rl_caption=\"\" data-rel=\"lightbox-gallery-0\"><img loading=\"lazy\" decoding=\"async\" width=\"150\" height=\"150\" src=\"http:\/\/fabok.cz\/wp-content\/uploads\/2017\/06\/008-150x150.jpg\" class=\"attachment-thumbnail size-thumbnail\" alt=\"Kombinovan\u00e1 saco-kanaliza\u010dn\u00ed n\u00e1stavba FABOK CASK 12\/3 v \u00faprav\u011b ADR\" \/><\/a>\r\n\t\t\t<\/div><\/figure><figure class='gallery-item'>\r\n\t\t\t<div class='gallery-icon landscape'>\r\n\t\t\t\t<a href='http:\/\/fabok.cz\/wp-content\/uploads\/2017\/06\/009.jpg' title=\"Kombinovan\u00e1 saco-kanaliza\u010dn\u00ed n\u00e1stavba FABOK CASK 12\/3 v \u00faprav\u011b ADR\" data-rl_title=\"Kombinovan\u00e1 saco-kanaliza\u010dn\u00ed n\u00e1stavba FABOK CASK 12\/3 v \u00faprav\u011b ADR\" class=\"rl-gallery-link\" data-rl_caption=\"\" data-rel=\"lightbox-gallery-0\"><img loading=\"lazy\" decoding=\"async\" width=\"150\" height=\"150\" src=\"http:\/\/fabok.cz\/wp-content\/uploads\/2017\/06\/009-150x150.jpg\" class=\"attachment-thumbnail size-thumbnail\" alt=\"Kombinovan\u00e1 saco-kanaliza\u010dn\u00ed n\u00e1stavba FABOK CASK 12\/3 v \u00faprav\u011b ADR\" \/><\/a>\r\n\t\t\t<\/div><\/figure><figure class='gallery-item'>\r\n\t\t\t<div class='gallery-icon portrait'>\r\n\t\t\t\t<a href='http:\/\/fabok.cz\/wp-content\/uploads\/2017\/06\/010.jpg' title=\"Kombinovan\u00e1 saco-kanaliza\u010dn\u00ed n\u00e1stavba FABOK CASK 12\/3 v \u00faprav\u011b ADR\" data-rl_title=\"Kombinovan\u00e1 saco-kanaliza\u010dn\u00ed n\u00e1stavba FABOK CASK 12\/3 v \u00faprav\u011b ADR\" class=\"rl-gallery-link\" data-rl_caption=\"\" data-rel=\"lightbox-gallery-0\"><img loading=\"lazy\" decoding=\"async\" width=\"150\" height=\"150\" src=\"http:\/\/fabok.cz\/wp-content\/uploads\/2017\/06\/010-150x150.jpg\" class=\"attachment-thumbnail size-thumbnail\" alt=\"Kombinovan\u00e1 saco-kanaliza\u010dn\u00ed n\u00e1stavba FABOK CASK 12\/3 v \u00faprav\u011b ADR\" \/><\/a>\r\n\t\t\t<\/div><\/figure><\/div>\n\n","protected":false},"excerpt":{"rendered":"<p>Combined suction-sewage unit FABOK CASK 12\/3 in ADR modification Sludge tank: stainless steel material 316 Ti \u00a0(construction according to ADR) wall thickness min. 5 mm total air volume of the tank 12m\u00b3 tilting backwards by a telescopic cylinder (faster variant) hydraulically openable rear lid in the whole cross section stainless steel sheet under the rear [&hellip;]<\/p>\n","protected":false},"author":1,"featured_media":0,"parent":26,"menu_order":0,"comment_status":"closed","ping_status":"closed","template":"","meta":{"footnotes":""},"aioseo_notices":[],"_links":{"self":[{"href":"http:\/\/fabok.cz\/en\/wp-json\/wp\/v2\/pages\/76"}],"collection":[{"href":"http:\/\/fabok.cz\/en\/wp-json\/wp\/v2\/pages"}],"about":[{"href":"http:\/\/fabok.cz\/en\/wp-json\/wp\/v2\/types\/page"}],"author":[{"embeddable":true,"href":"http:\/\/fabok.cz\/en\/wp-json\/wp\/v2\/users\/1"}],"replies":[{"embeddable":true,"href":"http:\/\/fabok.cz\/en\/wp-json\/wp\/v2\/comments?post=76"}],"version-history":[{"count":7,"href":"http:\/\/fabok.cz\/en\/wp-json\/wp\/v2\/pages\/76\/revisions"}],"predecessor-version":[{"id":957,"href":"http:\/\/fabok.cz\/en\/wp-json\/wp\/v2\/pages\/76\/revisions\/957"}],"up":[{"embeddable":true,"href":"http:\/\/fabok.cz\/en\/wp-json\/wp\/v2\/pages\/26"}],"wp:attachment":[{"href":"http:\/\/fabok.cz\/en\/wp-json\/wp\/v2\/media?parent=76"}],"curies":[{"name":"wp","href":"https:\/\/api.w.org\/{rel}","templated":true}]}}