{"id":704,"date":"2017-09-15T06:41:45","date_gmt":"2017-09-15T06:41:45","guid":{"rendered":"http:\/\/fabok.cz\/?page_id=704"},"modified":"2021-01-24T16:52:38","modified_gmt":"2021-01-24T16:52:38","slug":"zadni-uzavery-a-soupata","status":"publish","type":"page","link":"http:\/\/fabok.cz\/en\/prislusenstvi\/zadni-uzavery-a-soupata\/","title":{"rendered":"Rear closing and sliding valves"},"content":{"rendered":"<p>FABOK manufactures rear closing valves for tank superstructures according to its own documentation.<\/p>\n<ul>\n<li>Closing valves are made of stainless steel material AISI 304 and AISI 316L, in sizes 100, 125 and 150 mm.<\/li>\n<li>It is a construction with a floating bearing of the sealing member, which can be made of different materials, depending on the transported material.<\/li>\n<li>For the needs of ADR, we also have a variant of the double heel closing valve, approved by T\u00dcV S\u00dcD.<\/li>\n<li>We also offer delivery and installation of all types of closing valves from the world\u00b4s leading manufacturers.<\/li>\n<\/ul>\n<div id='gallery-1' class='gallery galleryid-704 gallery-columns-5 gallery-size-thumbnail'><figure class='gallery-item'>\r\n\t\t\t<div class='gallery-icon landscape'>\r\n\t\t\t\t<a href='http:\/\/fabok.cz\/wp-content\/uploads\/2017\/09\/001-8.jpg' title=\"Zadn\u00ed uz\u00e1v\u011bry a \u0161oupata\" data-rl_title=\"Zadn\u00ed uz\u00e1v\u011bry a \u0161oupata\" class=\"rl-gallery-link\" data-rl_caption=\"\" data-rel=\"lightbox-gallery-0\"><img loading=\"lazy\" decoding=\"async\" width=\"150\" height=\"150\" src=\"http:\/\/fabok.cz\/wp-content\/uploads\/2017\/09\/001-8-150x150.jpg\" class=\"attachment-thumbnail size-thumbnail\" alt=\"Zadn\u00ed uz\u00e1v\u011bry a \u0161oupata\" \/><\/a>\r\n\t\t\t<\/div><\/figure><figure class='gallery-item'>\r\n\t\t\t<div class='gallery-icon landscape'>\r\n\t\t\t\t<a href='http:\/\/fabok.cz\/wp-content\/uploads\/2017\/09\/002-8.jpg' title=\"Zadn\u00ed uz\u00e1v\u011bry a \u0161oupata\" data-rl_title=\"Zadn\u00ed uz\u00e1v\u011bry a \u0161oupata\" class=\"rl-gallery-link\" data-rl_caption=\"\" data-rel=\"lightbox-gallery-0\"><img loading=\"lazy\" decoding=\"async\" width=\"150\" height=\"150\" src=\"http:\/\/fabok.cz\/wp-content\/uploads\/2017\/09\/002-8-150x150.jpg\" class=\"attachment-thumbnail size-thumbnail\" alt=\"Zadn\u00ed uz\u00e1v\u011bry a \u0161oupata\" \/><\/a>\r\n\t\t\t<\/div><\/figure><figure class='gallery-item'>\r\n\t\t\t<div class='gallery-icon landscape'>\r\n\t\t\t\t<a href='http:\/\/fabok.cz\/wp-content\/uploads\/2017\/09\/003-8.jpg' title=\"Zadn\u00ed uz\u00e1v\u011bry a \u0161oupata\" data-rl_title=\"Zadn\u00ed uz\u00e1v\u011bry a \u0161oupata\" class=\"rl-gallery-link\" data-rl_caption=\"\" data-rel=\"lightbox-gallery-0\"><img loading=\"lazy\" decoding=\"async\" width=\"150\" height=\"150\" src=\"http:\/\/fabok.cz\/wp-content\/uploads\/2017\/09\/003-8-150x150.jpg\" class=\"attachment-thumbnail size-thumbnail\" alt=\"Zadn\u00ed uz\u00e1v\u011bry a \u0161oupata\" \/><\/a>\r\n\t\t\t<\/div><\/figure><figure class='gallery-item'>\r\n\t\t\t<div class='gallery-icon landscape'>\r\n\t\t\t\t<a href='http:\/\/fabok.cz\/wp-content\/uploads\/2017\/09\/004-8.jpg' title=\"Zadn\u00ed uz\u00e1v\u011bry a \u0161oupata\" data-rl_title=\"Zadn\u00ed uz\u00e1v\u011bry a \u0161oupata\" class=\"rl-gallery-link\" data-rl_caption=\"\" data-rel=\"lightbox-gallery-0\"><img loading=\"lazy\" decoding=\"async\" width=\"150\" height=\"150\" src=\"http:\/\/fabok.cz\/wp-content\/uploads\/2017\/09\/004-8-150x150.jpg\" class=\"attachment-thumbnail size-thumbnail\" alt=\"Zadn\u00ed uz\u00e1v\u011bry a \u0161oupata\" \/><\/a>\r\n\t\t\t<\/div><\/figure><figure class='gallery-item'>\r\n\t\t\t<div class='gallery-icon landscape'>\r\n\t\t\t\t<a href='http:\/\/fabok.cz\/wp-content\/uploads\/2017\/09\/005-7.jpg' title=\"Zadn\u00ed uz\u00e1v\u011bry a \u0161oupata\" data-rl_title=\"Zadn\u00ed uz\u00e1v\u011bry a \u0161oupata\" class=\"rl-gallery-link\" data-rl_caption=\"\" data-rel=\"lightbox-gallery-0\"><img loading=\"lazy\" decoding=\"async\" width=\"150\" height=\"150\" src=\"http:\/\/fabok.cz\/wp-content\/uploads\/2017\/09\/005-7-150x150.jpg\" class=\"attachment-thumbnail size-thumbnail\" alt=\"Zadn\u00ed uz\u00e1v\u011bry a \u0161oupata\" \/><\/a>\r\n\t\t\t<\/div><\/figure><figure class='gallery-item'>\r\n\t\t\t<div class='gallery-icon landscape'>\r\n\t\t\t\t<a href='http:\/\/fabok.cz\/wp-content\/uploads\/2017\/09\/006-6.jpg' title=\"Zadn\u00ed uz\u00e1v\u011bry a \u0161oupata\" data-rl_title=\"Zadn\u00ed uz\u00e1v\u011bry a \u0161oupata\" class=\"rl-gallery-link\" data-rl_caption=\"\" data-rel=\"lightbox-gallery-0\"><img loading=\"lazy\" decoding=\"async\" width=\"150\" height=\"150\" src=\"http:\/\/fabok.cz\/wp-content\/uploads\/2017\/09\/006-6-150x150.jpg\" class=\"attachment-thumbnail size-thumbnail\" alt=\"Zadn\u00ed uz\u00e1v\u011bry a \u0161oupata\" \/><\/a>\r\n\t\t\t<\/div><\/figure><figure class='gallery-item'>\r\n\t\t\t<div class='gallery-icon landscape'>\r\n\t\t\t\t<a href='http:\/\/fabok.cz\/wp-content\/uploads\/2017\/09\/007-5.jpg' title=\"Zadn\u00ed uz\u00e1v\u011bry a \u0161oupata\" data-rl_title=\"Zadn\u00ed uz\u00e1v\u011bry a \u0161oupata\" class=\"rl-gallery-link\" data-rl_caption=\"\" data-rel=\"lightbox-gallery-0\"><img loading=\"lazy\" decoding=\"async\" width=\"150\" height=\"150\" src=\"http:\/\/fabok.cz\/wp-content\/uploads\/2017\/09\/007-5-150x150.jpg\" class=\"attachment-thumbnail size-thumbnail\" alt=\"Zadn\u00ed uz\u00e1v\u011bry a \u0161oupata\" \/><\/a>\r\n\t\t\t<\/div><\/figure><figure class='gallery-item'>\r\n\t\t\t<div class='gallery-icon landscape'>\r\n\t\t\t\t<a href='http:\/\/fabok.cz\/wp-content\/uploads\/2017\/09\/008-4.jpg' title=\"Zadn\u00ed uz\u00e1v\u011bry a \u0161oupata\" data-rl_title=\"Zadn\u00ed uz\u00e1v\u011bry a \u0161oupata\" class=\"rl-gallery-link\" data-rl_caption=\"\" data-rel=\"lightbox-gallery-0\"><img loading=\"lazy\" decoding=\"async\" width=\"150\" height=\"150\" src=\"http:\/\/fabok.cz\/wp-content\/uploads\/2017\/09\/008-4-150x150.jpg\" class=\"attachment-thumbnail size-thumbnail\" alt=\"Zadn\u00ed uz\u00e1v\u011bry a \u0161oupata\" \/><\/a>\r\n\t\t\t<\/div><\/figure><\/div>\n\n","protected":false},"excerpt":{"rendered":"<p>FABOK manufactures rear closing valves for tank superstructures according to its own documentation. Closing valves are made of stainless steel material AISI 304 and AISI 316L, in sizes 100, 125 and 150 mm. It is a construction with a floating bearing of the sealing member, which can be made of different materials, depending on the [&hellip;]<\/p>\n","protected":false},"author":1,"featured_media":0,"parent":9,"menu_order":13,"comment_status":"closed","ping_status":"closed","template":"","meta":{"footnotes":""},"aioseo_notices":[],"_links":{"self":[{"href":"http:\/\/fabok.cz\/en\/wp-json\/wp\/v2\/pages\/704"}],"collection":[{"href":"http:\/\/fabok.cz\/en\/wp-json\/wp\/v2\/pages"}],"about":[{"href":"http:\/\/fabok.cz\/en\/wp-json\/wp\/v2\/types\/page"}],"author":[{"embeddable":true,"href":"http:\/\/fabok.cz\/en\/wp-json\/wp\/v2\/users\/1"}],"replies":[{"embeddable":true,"href":"http:\/\/fabok.cz\/en\/wp-json\/wp\/v2\/comments?post=704"}],"version-history":[{"count":3,"href":"http:\/\/fabok.cz\/en\/wp-json\/wp\/v2\/pages\/704\/revisions"}],"predecessor-version":[{"id":909,"href":"http:\/\/fabok.cz\/en\/wp-json\/wp\/v2\/pages\/704\/revisions\/909"}],"up":[{"embeddable":true,"href":"http:\/\/fabok.cz\/en\/wp-json\/wp\/v2\/pages\/9"}],"wp:attachment":[{"href":"http:\/\/fabok.cz\/en\/wp-json\/wp\/v2\/media?parent=704"}],"curies":[{"name":"wp","href":"https:\/\/api.w.org\/{rel}","templated":true}]}}