{"id":678,"date":"2017-09-15T06:38:58","date_gmt":"2017-09-15T06:38:58","guid":{"rendered":"http:\/\/fabok.cz\/?page_id=678"},"modified":"2021-01-24T17:45:54","modified_gmt":"2021-01-24T17:45:54","slug":"dalkove-ovladani","status":"publish","type":"page","link":"http:\/\/fabok.cz\/en\/prislusenstvi\/dalkove-ovladani\/","title":{"rendered":"Remote control"},"content":{"rendered":"<p>The FABOK company supplies and installs remote radio control of superstructures from the french company JAY \u00e9lectronique.<\/p>\n<ul>\n<li>All components are water and shock resistant with a long life<\/li>\n<li>Range in free space 200 meters<\/li>\n<li>Remote control can also be installed additionaly on existing superstructures<\/li>\n<\/ul>\n<div id='gallery-1' class='gallery galleryid-678 gallery-columns-5 gallery-size-thumbnail'><figure class='gallery-item'>\r\n\t\t\t<div class='gallery-icon portrait'>\r\n\t\t\t\t<a href='http:\/\/fabok.cz\/wp-content\/uploads\/2017\/09\/001.jpg' title=\"D\u00e1lkov\u00e9 ovl\u00e1d\u00e1n\u00ed\" data-rl_title=\"D\u00e1lkov\u00e9 ovl\u00e1d\u00e1n\u00ed\" class=\"rl-gallery-link\" data-rl_caption=\"\" data-rel=\"lightbox-gallery-0\"><img loading=\"lazy\" decoding=\"async\" width=\"150\" height=\"150\" src=\"http:\/\/fabok.cz\/wp-content\/uploads\/2017\/09\/001-150x150.jpg\" class=\"attachment-thumbnail size-thumbnail\" alt=\"D\u00e1lkov\u00e9 ovl\u00e1d\u00e1n\u00ed\" \/><\/a>\r\n\t\t\t<\/div><\/figure><figure class='gallery-item'>\r\n\t\t\t<div class='gallery-icon portrait'>\r\n\t\t\t\t<a href='http:\/\/fabok.cz\/wp-content\/uploads\/2017\/09\/002.jpg' title=\"D\u00e1lkov\u00e9 ovl\u00e1d\u00e1n\u00ed\" data-rl_title=\"D\u00e1lkov\u00e9 ovl\u00e1d\u00e1n\u00ed\" class=\"rl-gallery-link\" data-rl_caption=\"\" data-rel=\"lightbox-gallery-0\"><img loading=\"lazy\" decoding=\"async\" width=\"150\" height=\"150\" src=\"http:\/\/fabok.cz\/wp-content\/uploads\/2017\/09\/002-150x150.jpg\" class=\"attachment-thumbnail size-thumbnail\" alt=\"D\u00e1lkov\u00e9 ovl\u00e1d\u00e1n\u00ed\" \/><\/a>\r\n\t\t\t<\/div><\/figure><figure class='gallery-item'>\r\n\t\t\t<div class='gallery-icon landscape'>\r\n\t\t\t\t<a href='http:\/\/fabok.cz\/wp-content\/uploads\/2017\/09\/003.jpg' title=\"D\u00e1lkov\u00e9 ovl\u00e1d\u00e1n\u00ed\" data-rl_title=\"D\u00e1lkov\u00e9 ovl\u00e1d\u00e1n\u00ed\" class=\"rl-gallery-link\" data-rl_caption=\"\" data-rel=\"lightbox-gallery-0\"><img loading=\"lazy\" decoding=\"async\" width=\"150\" height=\"150\" src=\"http:\/\/fabok.cz\/wp-content\/uploads\/2017\/09\/003-150x150.jpg\" class=\"attachment-thumbnail size-thumbnail\" alt=\"D\u00e1lkov\u00e9 ovl\u00e1d\u00e1n\u00ed\" \/><\/a>\r\n\t\t\t<\/div><\/figure><figure class='gallery-item'>\r\n\t\t\t<div class='gallery-icon landscape'>\r\n\t\t\t\t<a href='http:\/\/fabok.cz\/wp-content\/uploads\/2017\/09\/004.jpg' title=\"D\u00e1lkov\u00e9 ovl\u00e1d\u00e1n\u00ed\" data-rl_title=\"D\u00e1lkov\u00e9 ovl\u00e1d\u00e1n\u00ed\" class=\"rl-gallery-link\" data-rl_caption=\"\" data-rel=\"lightbox-gallery-0\"><img loading=\"lazy\" decoding=\"async\" width=\"150\" height=\"150\" src=\"http:\/\/fabok.cz\/wp-content\/uploads\/2017\/09\/004-150x150.jpg\" class=\"attachment-thumbnail size-thumbnail\" alt=\"D\u00e1lkov\u00e9 ovl\u00e1d\u00e1n\u00ed\" \/><\/a>\r\n\t\t\t<\/div><\/figure><figure class='gallery-item'>\r\n\t\t\t<div class='gallery-icon landscape'>\r\n\t\t\t\t<a href='http:\/\/fabok.cz\/wp-content\/uploads\/2017\/09\/005.jpg' title=\"D\u00e1lkov\u00e9 ovl\u00e1d\u00e1n\u00ed\" data-rl_title=\"D\u00e1lkov\u00e9 ovl\u00e1d\u00e1n\u00ed\" class=\"rl-gallery-link\" data-rl_caption=\"\" data-rel=\"lightbox-gallery-0\"><img loading=\"lazy\" decoding=\"async\" width=\"150\" height=\"150\" src=\"http:\/\/fabok.cz\/wp-content\/uploads\/2017\/09\/005-150x150.jpg\" class=\"attachment-thumbnail size-thumbnail\" alt=\"D\u00e1lkov\u00e9 ovl\u00e1d\u00e1n\u00ed\" \/><\/a>\r\n\t\t\t<\/div><\/figure><figure class='gallery-item'>\r\n\t\t\t<div class='gallery-icon landscape'>\r\n\t\t\t\t<a href='http:\/\/fabok.cz\/wp-content\/uploads\/2017\/09\/006.jpg' title=\"D\u00e1lkov\u00e9 ovl\u00e1d\u00e1n\u00ed\" data-rl_title=\"D\u00e1lkov\u00e9 ovl\u00e1d\u00e1n\u00ed\" class=\"rl-gallery-link\" data-rl_caption=\"\" data-rel=\"lightbox-gallery-0\"><img loading=\"lazy\" decoding=\"async\" width=\"150\" height=\"150\" src=\"http:\/\/fabok.cz\/wp-content\/uploads\/2017\/09\/006-150x150.jpg\" class=\"attachment-thumbnail size-thumbnail\" alt=\"D\u00e1lkov\u00e9 ovl\u00e1d\u00e1n\u00ed\" \/><\/a>\r\n\t\t\t<\/div><\/figure><\/div>\n\n","protected":false},"excerpt":{"rendered":"<p>The FABOK company supplies and installs remote radio control of superstructures from the french company JAY \u00e9lectronique. All components are water and shock resistant with a long life Range in free space 200 meters Remote control can also be installed additionaly on existing superstructures<\/p>\n","protected":false},"author":1,"featured_media":0,"parent":9,"menu_order":0,"comment_status":"closed","ping_status":"closed","template":"","meta":{"footnotes":""},"aioseo_notices":[],"_links":{"self":[{"href":"http:\/\/fabok.cz\/en\/wp-json\/wp\/v2\/pages\/678"}],"collection":[{"href":"http:\/\/fabok.cz\/en\/wp-json\/wp\/v2\/pages"}],"about":[{"href":"http:\/\/fabok.cz\/en\/wp-json\/wp\/v2\/types\/page"}],"author":[{"embeddable":true,"href":"http:\/\/fabok.cz\/en\/wp-json\/wp\/v2\/users\/1"}],"replies":[{"embeddable":true,"href":"http:\/\/fabok.cz\/en\/wp-json\/wp\/v2\/comments?post=678"}],"version-history":[{"count":5,"href":"http:\/\/fabok.cz\/en\/wp-json\/wp\/v2\/pages\/678\/revisions"}],"predecessor-version":[{"id":919,"href":"http:\/\/fabok.cz\/en\/wp-json\/wp\/v2\/pages\/678\/revisions\/919"}],"up":[{"embeddable":true,"href":"http:\/\/fabok.cz\/en\/wp-json\/wp\/v2\/pages\/9"}],"wp:attachment":[{"href":"http:\/\/fabok.cz\/en\/wp-json\/wp\/v2\/media?parent=678"}],"curies":[{"name":"wp","href":"https:\/\/api.w.org\/{rel}","templated":true}]}}