{"id":43,"date":"2017-06-04T17:46:47","date_gmt":"2017-06-04T17:46:47","guid":{"rendered":"http:\/\/nabytek-levny.eu\/?page_id=43"},"modified":"2021-01-24T17:59:34","modified_gmt":"2021-01-24T17:59:34","slug":"privesy-a-vleky","status":"publish","type":"page","link":"http:\/\/fabok.cz\/en\/nastavby\/privesy-a-vleky\/","title":{"rendered":"Trailers and tows"},"content":{"rendered":"<h3><strong>Trailer combi<\/strong><\/h3>\n<div id='gallery-1' class='gallery galleryid-43 gallery-columns-5 gallery-size-thumbnail'><figure class='gallery-item'>\r\n\t\t\t<div class='gallery-icon landscape'>\r\n\t\t\t\t<a href='http:\/\/fabok.cz\/wp-content\/uploads\/2017\/06\/001-5.jpg' title=\"P\u0159\u00edv\u011bs kombi\" data-rl_title=\"P\u0159\u00edv\u011bs kombi\" class=\"rl-gallery-link\" data-rl_caption=\"\" data-rel=\"lightbox-gallery-0\"><img loading=\"lazy\" decoding=\"async\" width=\"150\" height=\"150\" src=\"http:\/\/fabok.cz\/wp-content\/uploads\/2017\/06\/001-5-150x150.jpg\" class=\"attachment-thumbnail size-thumbnail\" alt=\"P\u0159\u00edv\u011bs kombi\" \/><\/a>\r\n\t\t\t<\/div><\/figure><figure class='gallery-item'>\r\n\t\t\t<div class='gallery-icon landscape'>\r\n\t\t\t\t<a href='http:\/\/fabok.cz\/wp-content\/uploads\/2017\/06\/002-5.jpg' title=\"P\u0159\u00edv\u011bs kombi\" data-rl_title=\"P\u0159\u00edv\u011bs kombi\" class=\"rl-gallery-link\" data-rl_caption=\"\" data-rel=\"lightbox-gallery-0\"><img loading=\"lazy\" decoding=\"async\" width=\"150\" height=\"150\" src=\"http:\/\/fabok.cz\/wp-content\/uploads\/2017\/06\/002-5-150x150.jpg\" class=\"attachment-thumbnail size-thumbnail\" alt=\"P\u0159\u00edv\u011bs kombi\" \/><\/a>\r\n\t\t\t<\/div><\/figure><figure class='gallery-item'>\r\n\t\t\t<div class='gallery-icon landscape'>\r\n\t\t\t\t<a href='http:\/\/fabok.cz\/wp-content\/uploads\/2017\/06\/003-5.jpg' title=\"P\u0159\u00edv\u011bs kombi\" data-rl_title=\"P\u0159\u00edv\u011bs kombi\" class=\"rl-gallery-link\" data-rl_caption=\"\" data-rel=\"lightbox-gallery-0\"><img loading=\"lazy\" decoding=\"async\" width=\"150\" height=\"150\" src=\"http:\/\/fabok.cz\/wp-content\/uploads\/2017\/06\/003-5-150x150.jpg\" class=\"attachment-thumbnail size-thumbnail\" alt=\"P\u0159\u00edv\u011bs kombi\" \/><\/a>\r\n\t\t\t<\/div><\/figure><\/div>\n\n<h3><\/h3>\n<h3><strong>Suction and sprinkling trailer<\/strong><\/h3>\n<div id='gallery-2' class='gallery galleryid-43 gallery-columns-5 gallery-size-thumbnail'><figure class='gallery-item'>\r\n\t\t\t<div class='gallery-icon landscape'>\r\n\t\t\t\t<a href='http:\/\/fabok.cz\/wp-content\/uploads\/2017\/06\/001-6.jpg' title=\"P\u0159\u00edv\u011bs sac\u00ed a krop\u00edc\u00ed\" data-rl_title=\"P\u0159\u00edv\u011bs sac\u00ed a krop\u00edc\u00ed\" class=\"rl-gallery-link\" data-rl_caption=\"\" data-rel=\"lightbox-gallery-1\"><img loading=\"lazy\" decoding=\"async\" width=\"150\" height=\"150\" src=\"http:\/\/fabok.cz\/wp-content\/uploads\/2017\/06\/001-6-150x150.jpg\" class=\"attachment-thumbnail size-thumbnail\" alt=\"P\u0159\u00edv\u011bs sac\u00ed a krop\u00edc\u00ed\" \/><\/a>\r\n\t\t\t<\/div><\/figure><figure class='gallery-item'>\r\n\t\t\t<div class='gallery-icon landscape'>\r\n\t\t\t\t<a href='http:\/\/fabok.cz\/wp-content\/uploads\/2017\/06\/002-6.jpg' title=\"P\u0159\u00edv\u011bs sac\u00ed a krop\u00edc\u00ed\" data-rl_title=\"P\u0159\u00edv\u011bs sac\u00ed a krop\u00edc\u00ed\" class=\"rl-gallery-link\" data-rl_caption=\"\" data-rel=\"lightbox-gallery-1\"><img loading=\"lazy\" decoding=\"async\" width=\"150\" height=\"150\" src=\"http:\/\/fabok.cz\/wp-content\/uploads\/2017\/06\/002-6-150x150.jpg\" class=\"attachment-thumbnail size-thumbnail\" alt=\"P\u0159\u00edv\u011bs sac\u00ed a krop\u00edc\u00ed\" \/><\/a>\r\n\t\t\t<\/div><\/figure><\/div>\n\n<h3><\/h3>\n<h3><strong>Suction trailer tr<\/strong><\/h3>\n<div id='gallery-3' class='gallery galleryid-43 gallery-columns-5 gallery-size-thumbnail'><figure class='gallery-item'>\r\n\t\t\t<div class='gallery-icon landscape'>\r\n\t\t\t\t<a href='http:\/\/fabok.cz\/wp-content\/uploads\/2017\/06\/001-7.jpg' title=\"Sac\u00ed p\u0159\u00edv\u011bs tr\" data-rl_title=\"Sac\u00ed p\u0159\u00edv\u011bs tr\" class=\"rl-gallery-link\" data-rl_caption=\"\" data-rel=\"lightbox-gallery-2\"><img loading=\"lazy\" decoding=\"async\" width=\"150\" height=\"150\" src=\"http:\/\/fabok.cz\/wp-content\/uploads\/2017\/06\/001-7-150x150.jpg\" class=\"attachment-thumbnail size-thumbnail\" alt=\"Sac\u00ed p\u0159\u00edv\u011bs tr\" \/><\/a>\r\n\t\t\t<\/div><\/figure><figure class='gallery-item'>\r\n\t\t\t<div class='gallery-icon landscape'>\r\n\t\t\t\t<a href='http:\/\/fabok.cz\/wp-content\/uploads\/2017\/06\/002-7.jpg' title=\"Sac\u00ed p\u0159\u00edv\u011bs tr\" data-rl_title=\"Sac\u00ed p\u0159\u00edv\u011bs tr\" class=\"rl-gallery-link\" data-rl_caption=\"\" data-rel=\"lightbox-gallery-2\"><img loading=\"lazy\" decoding=\"async\" width=\"150\" height=\"150\" src=\"http:\/\/fabok.cz\/wp-content\/uploads\/2017\/06\/002-7-150x150.jpg\" class=\"attachment-thumbnail size-thumbnail\" alt=\"Sac\u00ed p\u0159\u00edv\u011bs tr\" \/><\/a>\r\n\t\t\t<\/div><\/figure><figure class='gallery-item'>\r\n\t\t\t<div class='gallery-icon landscape'>\r\n\t\t\t\t<a href='http:\/\/fabok.cz\/wp-content\/uploads\/2017\/06\/003-6.jpg' title=\"Sac\u00ed p\u0159\u00edv\u011bs tr\" data-rl_title=\"Sac\u00ed p\u0159\u00edv\u011bs tr\" class=\"rl-gallery-link\" data-rl_caption=\"\" data-rel=\"lightbox-gallery-2\"><img loading=\"lazy\" decoding=\"async\" width=\"150\" height=\"150\" src=\"http:\/\/fabok.cz\/wp-content\/uploads\/2017\/06\/003-6-150x150.jpg\" class=\"attachment-thumbnail size-thumbnail\" alt=\"Sac\u00ed p\u0159\u00edv\u011bs tr\" \/><\/a>\r\n\t\t\t<\/div><\/figure><figure class='gallery-item'>\r\n\t\t\t<div class='gallery-icon landscape'>\r\n\t\t\t\t<a href='http:\/\/fabok.cz\/wp-content\/uploads\/2017\/06\/004-5.jpg' title=\"Sac\u00ed p\u0159\u00edv\u011bs tr\" data-rl_title=\"Sac\u00ed p\u0159\u00edv\u011bs tr\" class=\"rl-gallery-link\" data-rl_caption=\"\" data-rel=\"lightbox-gallery-2\"><img loading=\"lazy\" decoding=\"async\" width=\"150\" height=\"150\" src=\"http:\/\/fabok.cz\/wp-content\/uploads\/2017\/06\/004-5-150x150.jpg\" class=\"attachment-thumbnail size-thumbnail\" alt=\"Sac\u00ed p\u0159\u00edv\u011bs tr\" \/><\/a>\r\n\t\t\t<\/div><\/figure><\/div>\n\n<h3><\/h3>\n<h3><strong>Tractor trailer<\/strong><\/h3>\n<div id='gallery-4' class='gallery galleryid-43 gallery-columns-5 gallery-size-thumbnail'><figure class='gallery-item'>\r\n\t\t\t<div class='gallery-icon landscape'>\r\n\t\t\t\t<a href='http:\/\/fabok.cz\/wp-content\/uploads\/2017\/06\/001-8.jpg' title=\"Traktorov\u00fd p\u0159\u00edv\u011bs\" data-rl_title=\"Traktorov\u00fd p\u0159\u00edv\u011bs\" class=\"rl-gallery-link\" data-rl_caption=\"\" data-rel=\"lightbox-gallery-3\"><img loading=\"lazy\" decoding=\"async\" width=\"150\" height=\"150\" src=\"http:\/\/fabok.cz\/wp-content\/uploads\/2017\/06\/001-8-150x150.jpg\" class=\"attachment-thumbnail size-thumbnail\" alt=\"Traktorov\u00fd p\u0159\u00edv\u011bs\" \/><\/a>\r\n\t\t\t<\/div><\/figure><figure class='gallery-item'>\r\n\t\t\t<div class='gallery-icon landscape'>\r\n\t\t\t\t<a href='http:\/\/fabok.cz\/wp-content\/uploads\/2017\/06\/002-8.jpg' title=\"Traktorov\u00fd p\u0159\u00edv\u011bs\" data-rl_title=\"Traktorov\u00fd p\u0159\u00edv\u011bs\" class=\"rl-gallery-link\" data-rl_caption=\"\" data-rel=\"lightbox-gallery-3\"><img loading=\"lazy\" decoding=\"async\" width=\"150\" height=\"150\" src=\"http:\/\/fabok.cz\/wp-content\/uploads\/2017\/06\/002-8-150x150.jpg\" class=\"attachment-thumbnail size-thumbnail\" alt=\"Traktorov\u00fd p\u0159\u00edv\u011bs\" \/><\/a>\r\n\t\t\t<\/div><\/figure><figure class='gallery-item'>\r\n\t\t\t<div class='gallery-icon landscape'>\r\n\t\t\t\t<a href='http:\/\/fabok.cz\/wp-content\/uploads\/2017\/06\/003-7.jpg' title=\"Traktorov\u00fd p\u0159\u00edv\u011bs\" data-rl_title=\"Traktorov\u00fd p\u0159\u00edv\u011bs\" class=\"rl-gallery-link\" data-rl_caption=\"\" data-rel=\"lightbox-gallery-3\"><img loading=\"lazy\" decoding=\"async\" width=\"150\" height=\"150\" src=\"http:\/\/fabok.cz\/wp-content\/uploads\/2017\/06\/003-7-150x150.jpg\" class=\"attachment-thumbnail size-thumbnail\" alt=\"Traktorov\u00fd p\u0159\u00edv\u011bs\" \/><\/a>\r\n\t\t\t<\/div><\/figure><figure class='gallery-item'>\r\n\t\t\t<div class='gallery-icon landscape'>\r\n\t\t\t\t<a href='http:\/\/fabok.cz\/wp-content\/uploads\/2017\/06\/004-6.jpg' title=\"Traktorov\u00fd p\u0159\u00edv\u011bs\" data-rl_title=\"Traktorov\u00fd p\u0159\u00edv\u011bs\" class=\"rl-gallery-link\" data-rl_caption=\"\" data-rel=\"lightbox-gallery-3\"><img loading=\"lazy\" decoding=\"async\" width=\"150\" height=\"150\" src=\"http:\/\/fabok.cz\/wp-content\/uploads\/2017\/06\/004-6-150x150.jpg\" class=\"attachment-thumbnail size-thumbnail\" alt=\"Traktorov\u00fd p\u0159\u00edv\u011bs\" \/><\/a>\r\n\t\t\t<\/div><\/figure><\/div>\n\n<h3><strong>Tow 18t<\/strong><\/h3>\n<div id='gallery-5' class='gallery galleryid-43 gallery-columns-5 gallery-size-thumbnail'><figure class='gallery-item'>\r\n\t\t\t<div class='gallery-icon landscape'>\r\n\t\t\t\t<a href='http:\/\/fabok.cz\/wp-content\/uploads\/2017\/06\/001-9.jpg' title=\"Vlek 18t\" data-rl_title=\"Vlek 18t\" class=\"rl-gallery-link\" data-rl_caption=\"\" data-rel=\"lightbox-gallery-4\"><img loading=\"lazy\" decoding=\"async\" width=\"150\" height=\"150\" src=\"http:\/\/fabok.cz\/wp-content\/uploads\/2017\/06\/001-9-150x150.jpg\" class=\"attachment-thumbnail size-thumbnail\" alt=\"Vlek 18t\" \/><\/a>\r\n\t\t\t<\/div><\/figure><figure class='gallery-item'>\r\n\t\t\t<div class='gallery-icon landscape'>\r\n\t\t\t\t<a href='http:\/\/fabok.cz\/wp-content\/uploads\/2017\/06\/002-9.jpg' title=\"Vlek 18t\" data-rl_title=\"Vlek 18t\" class=\"rl-gallery-link\" data-rl_caption=\"\" data-rel=\"lightbox-gallery-4\"><img loading=\"lazy\" decoding=\"async\" width=\"150\" height=\"150\" src=\"http:\/\/fabok.cz\/wp-content\/uploads\/2017\/06\/002-9-150x150.jpg\" class=\"attachment-thumbnail size-thumbnail\" alt=\"Vlek 18t\" \/><\/a>\r\n\t\t\t<\/div><\/figure><\/div>\n\n<h3><strong>Tow 24t<\/strong><\/h3>\n<div id='gallery-6' class='gallery galleryid-43 gallery-columns-5 gallery-size-thumbnail'><figure class='gallery-item'>\r\n\t\t\t<div class='gallery-icon landscape'>\r\n\t\t\t\t<a href='http:\/\/fabok.cz\/wp-content\/uploads\/2017\/06\/001-10.jpg' title=\"Vlek 24t\" data-rl_title=\"Vlek 24t\" class=\"rl-gallery-link\" data-rl_caption=\"\" data-rel=\"lightbox-gallery-5\"><img loading=\"lazy\" decoding=\"async\" width=\"150\" height=\"150\" src=\"http:\/\/fabok.cz\/wp-content\/uploads\/2017\/06\/001-10-150x150.jpg\" class=\"attachment-thumbnail size-thumbnail\" alt=\"Vlek 24t\" \/><\/a>\r\n\t\t\t<\/div><\/figure><figure class='gallery-item'>\r\n\t\t\t<div class='gallery-icon portrait'>\r\n\t\t\t\t<a href='http:\/\/fabok.cz\/wp-content\/uploads\/2017\/06\/002-10.jpg' title=\"Vlek 24t\" data-rl_title=\"Vlek 24t\" class=\"rl-gallery-link\" data-rl_caption=\"\" data-rel=\"lightbox-gallery-5\"><img loading=\"lazy\" decoding=\"async\" width=\"150\" height=\"150\" src=\"http:\/\/fabok.cz\/wp-content\/uploads\/2017\/06\/002-10-150x150.jpg\" class=\"attachment-thumbnail size-thumbnail\" alt=\"Vlek 24t\" \/><\/a>\r\n\t\t\t<\/div><\/figure><figure class='gallery-item'>\r\n\t\t\t<div class='gallery-icon landscape'>\r\n\t\t\t\t<a href='http:\/\/fabok.cz\/wp-content\/uploads\/2017\/06\/003-8.jpg' title=\"Vlek 24t\" data-rl_title=\"Vlek 24t\" class=\"rl-gallery-link\" data-rl_caption=\"\" data-rel=\"lightbox-gallery-5\"><img loading=\"lazy\" decoding=\"async\" width=\"150\" height=\"150\" src=\"http:\/\/fabok.cz\/wp-content\/uploads\/2017\/06\/003-8-150x150.jpg\" class=\"attachment-thumbnail size-thumbnail\" alt=\"Vlek 24t\" \/><\/a>\r\n\t\t\t<\/div><\/figure><\/div>\n\n<h3><strong>Tow PV<\/strong><\/h3>\n<div id='gallery-7' class='gallery galleryid-43 gallery-columns-5 gallery-size-thumbnail'><figure class='gallery-item'>\r\n\t\t\t<div class='gallery-icon landscape'>\r\n\t\t\t\t<a href='http:\/\/fabok.cz\/wp-content\/uploads\/2017\/06\/001-11.jpg' title=\"Vlek PV\" data-rl_title=\"Vlek PV\" class=\"rl-gallery-link\" data-rl_caption=\"\" data-rel=\"lightbox-gallery-6\"><img loading=\"lazy\" decoding=\"async\" width=\"150\" height=\"150\" src=\"http:\/\/fabok.cz\/wp-content\/uploads\/2017\/06\/001-11-150x150.jpg\" class=\"attachment-thumbnail size-thumbnail\" alt=\"Vlek PV\" \/><\/a>\r\n\t\t\t<\/div><\/figure><figure class='gallery-item'>\r\n\t\t\t<div class='gallery-icon landscape'>\r\n\t\t\t\t<a href='http:\/\/fabok.cz\/wp-content\/uploads\/2017\/06\/002-11.jpg' title=\"Vlek PV\" data-rl_title=\"Vlek PV\" class=\"rl-gallery-link\" data-rl_caption=\"\" data-rel=\"lightbox-gallery-6\"><img loading=\"lazy\" decoding=\"async\" width=\"150\" height=\"150\" src=\"http:\/\/fabok.cz\/wp-content\/uploads\/2017\/06\/002-11-150x150.jpg\" class=\"attachment-thumbnail size-thumbnail\" alt=\"Vlek PV\" \/><\/a>\r\n\t\t\t<\/div><\/figure><figure class='gallery-item'>\r\n\t\t\t<div class='gallery-icon landscape'>\r\n\t\t\t\t<a href='http:\/\/fabok.cz\/wp-content\/uploads\/2017\/06\/003-9.jpg' title=\"Vlek PV\" data-rl_title=\"Vlek PV\" class=\"rl-gallery-link\" data-rl_caption=\"\" data-rel=\"lightbox-gallery-6\"><img loading=\"lazy\" decoding=\"async\" width=\"150\" height=\"150\" src=\"http:\/\/fabok.cz\/wp-content\/uploads\/2017\/06\/003-9-150x150.jpg\" class=\"attachment-thumbnail size-thumbnail\" alt=\"Vlek PV\" \/><\/a>\r\n\t\t\t<\/div><\/figure><figure class='gallery-item'>\r\n\t\t\t<div class='gallery-icon landscape'>\r\n\t\t\t\t<a href='http:\/\/fabok.cz\/wp-content\/uploads\/2017\/06\/004-7.jpg' title=\"Vlek PV\" data-rl_title=\"Vlek PV\" class=\"rl-gallery-link\" data-rl_caption=\"\" data-rel=\"lightbox-gallery-6\"><img loading=\"lazy\" decoding=\"async\" width=\"150\" height=\"150\" src=\"http:\/\/fabok.cz\/wp-content\/uploads\/2017\/06\/004-7-150x150.jpg\" class=\"attachment-thumbnail size-thumbnail\" alt=\"Vlek PV\" \/><\/a>\r\n\t\t\t<\/div><\/figure><\/div>\n\n","protected":false},"excerpt":{"rendered":"<p>Trailer combi Suction and sprinkling trailer Suction trailer tr Tractor trailer Tow 18t Tow 24t Tow PV<\/p>\n","protected":false},"author":1,"featured_media":0,"parent":7,"menu_order":7,"comment_status":"closed","ping_status":"closed","template":"","meta":{"footnotes":""},"aioseo_notices":[],"_links":{"self":[{"href":"http:\/\/fabok.cz\/en\/wp-json\/wp\/v2\/pages\/43"}],"collection":[{"href":"http:\/\/fabok.cz\/en\/wp-json\/wp\/v2\/pages"}],"about":[{"href":"http:\/\/fabok.cz\/en\/wp-json\/wp\/v2\/types\/page"}],"author":[{"embeddable":true,"href":"http:\/\/fabok.cz\/en\/wp-json\/wp\/v2\/users\/1"}],"replies":[{"embeddable":true,"href":"http:\/\/fabok.cz\/en\/wp-json\/wp\/v2\/comments?post=43"}],"version-history":[{"count":6,"href":"http:\/\/fabok.cz\/en\/wp-json\/wp\/v2\/pages\/43\/revisions"}],"predecessor-version":[{"id":925,"href":"http:\/\/fabok.cz\/en\/wp-json\/wp\/v2\/pages\/43\/revisions\/925"}],"up":[{"embeddable":true,"href":"http:\/\/fabok.cz\/en\/wp-json\/wp\/v2\/pages\/7"}],"wp:attachment":[{"href":"http:\/\/fabok.cz\/en\/wp-json\/wp\/v2\/media?parent=43"}],"curies":[{"name":"wp","href":"https:\/\/api.w.org\/{rel}","templated":true}]}}