{"id":425,"date":"2017-07-03T19:56:13","date_gmt":"2017-07-03T19:56:13","guid":{"rendered":"http:\/\/nabytek-levny.eu\/?page_id=425"},"modified":"2021-01-25T11:01:40","modified_gmt":"2021-01-25T11:01:40","slug":"saci-prives-cas-2","status":"publish","type":"page","link":"http:\/\/fabok.cz\/en\/nastavby\/saci-nastavby\/saci-prives-cas-2\/","title":{"rendered":"Suction trailer CAS 2"},"content":{"rendered":"<h2>2-axle trailer with suction tank CAS 2<\/h2>\n<h3><strong>Trailer:<\/strong><\/h3>\n<ul>\n<li>2-axle, technical load capacity 3.500 kg\u00a0<em>( weight in the technical certificate could be 2.500 kg )<\/em><\/li>\n<li>drawbar to \u201eV\u201c with ISO 50 ball<\/li>\n<li>spare wheel<\/li>\n<li>steel, hot-dip galvanized frame with preparation for superstructure mounting, without floor<\/li>\n<li>mechanical inertia brake<\/li>\n<li>support wheel, wedge, wiring<\/li>\n<li>including technical certificate<\/li>\n<\/ul>\n<h3><strong>Tank:<\/strong><\/h3>\n<ul>\n<li>steel tank 2 m<sup>3\u00a0\u00a0<\/sup>\u00a0\u2013 usable volume approx. 1,8 m\u00b3<\/li>\n<li>firmly attached on the chassis<\/li>\n<li>design of the tank as a non-pressure container<\/li>\n<li>detachable breakwater<\/li>\n<li>manually operated closing valve DN 80<\/li>\n<li>terminal for suction hoses DN 80<\/li>\n<li>float level indicator enabling monitoring of the level in the tank<\/li>\n<li>upper inspection manhole DN 500, rear cleaning flange DN 300<\/li>\n<\/ul>\n<h3><strong>Vacuum pump:<\/strong><\/h3>\n<ul>\n<li>vacuum pump JUROP PNR 82<\/li>\n<li>max. suction power 490 m<sup>3<\/sup>\/hod<\/li>\n<li>suction line with float, filter + silencer + oil separator from the pump exhaust<\/li>\n<li>glycerin manovakuometer,<\/li>\n<li>manually operated 4-way valve<\/li>\n<li>double protection against overflow \u2013 primary and secondary float closure<\/li>\n<li>reverse valve<\/li>\n<li>possibility to fully drain the tank and lines<\/li>\n<\/ul>\n<h3><strong>Vacuum pump drive:<\/strong><\/h3>\n<ul>\n<li>Drive by an independent engine located in the front part of the trailer<\/li>\n<li>The engine drives a hydraulic circuit, which ensures smooth running and the necessary speed transmission, and also replaces the clutch<\/li>\n<li>switching on the pump via a three-way tap<\/li>\n<li>Sufficiently dimensioned circuit for heavier use<\/li>\n<\/ul>\n<h3><strong>Accessories:<\/strong><\/h3>\n<ul>\n<li>Hooks for suction hoses storage<\/li>\n<li>Lighting of the rear structure part and control iterms<\/li>\n<li>Lockable plastic tool box<\/li>\n<li>4x suction hoses DN 80, l = 2,5 m<\/li>\n<\/ul>\n<h3><strong>Colour design (acrylic painting):<\/strong><\/h3>\n<ul>\n<li>structure shade according to RAL<\/li>\n<li>galvanized subframe with protective varnish<\/li>\n<\/ul>\n<h3><strong>Documents:<\/strong><\/h3>\n<ul>\n<li>safety and securing elements of the structure according to the relevant standards<\/li>\n<li>operating and maintenance instructions of the structure<\/li>\n<li>operating and maintenance instructions of the vacuum pump<\/li>\n<li>approval of the vehicle and superstructure for road traffic<\/li>\n<li>declaration of conformity<\/li>\n<\/ul>\n<div id='gallery-1' class='gallery galleryid-425 gallery-columns-5 gallery-size-thumbnail'><figure class='gallery-item'>\r\n\t\t\t<div class='gallery-icon landscape'>\r\n\t\t\t\t<a href='http:\/\/fabok.cz\/wp-content\/uploads\/2017\/07\/001-18.jpg' title=\"Dvouos\u00fd p\u0159\u00edv\u011bs se sac\u00ed cisternou CAS 2\" data-rl_title=\"Dvouos\u00fd p\u0159\u00edv\u011bs se sac\u00ed cisternou CAS 2\" class=\"rl-gallery-link\" data-rl_caption=\"\" data-rel=\"lightbox-gallery-0\"><img loading=\"lazy\" decoding=\"async\" width=\"150\" height=\"150\" src=\"http:\/\/fabok.cz\/wp-content\/uploads\/2017\/07\/001-18-150x150.jpg\" class=\"attachment-thumbnail size-thumbnail\" alt=\"Dvouos\u00fd p\u0159\u00edv\u011bs se sac\u00ed cisternou CAS 2\" \/><\/a>\r\n\t\t\t<\/div><\/figure><figure class='gallery-item'>\r\n\t\t\t<div class='gallery-icon landscape'>\r\n\t\t\t\t<a href='http:\/\/fabok.cz\/wp-content\/uploads\/2017\/07\/002-18.jpg' title=\"Dvouos\u00fd p\u0159\u00edv\u011bs se sac\u00ed cisternou CAS 2\" data-rl_title=\"Dvouos\u00fd p\u0159\u00edv\u011bs se sac\u00ed cisternou CAS 2\" class=\"rl-gallery-link\" data-rl_caption=\"\" data-rel=\"lightbox-gallery-0\"><img loading=\"lazy\" decoding=\"async\" width=\"150\" height=\"150\" src=\"http:\/\/fabok.cz\/wp-content\/uploads\/2017\/07\/002-18-150x150.jpg\" class=\"attachment-thumbnail size-thumbnail\" alt=\"Dvouos\u00fd p\u0159\u00edv\u011bs se sac\u00ed cisternou CAS 2\" \/><\/a>\r\n\t\t\t<\/div><\/figure><figure class='gallery-item'>\r\n\t\t\t<div class='gallery-icon landscape'>\r\n\t\t\t\t<a href='http:\/\/fabok.cz\/wp-content\/uploads\/2017\/07\/003-18.jpg' title=\"Dvouos\u00fd p\u0159\u00edv\u011bs se sac\u00ed cisternou CAS 2\" data-rl_title=\"Dvouos\u00fd p\u0159\u00edv\u011bs se sac\u00ed cisternou CAS 2\" class=\"rl-gallery-link\" data-rl_caption=\"\" data-rel=\"lightbox-gallery-0\"><img loading=\"lazy\" decoding=\"async\" width=\"150\" height=\"150\" src=\"http:\/\/fabok.cz\/wp-content\/uploads\/2017\/07\/003-18-150x150.jpg\" class=\"attachment-thumbnail size-thumbnail\" alt=\"Dvouos\u00fd p\u0159\u00edv\u011bs se sac\u00ed cisternou CAS 2\" \/><\/a>\r\n\t\t\t<\/div><\/figure><figure class='gallery-item'>\r\n\t\t\t<div class='gallery-icon landscape'>\r\n\t\t\t\t<a href='http:\/\/fabok.cz\/wp-content\/uploads\/2017\/07\/004-13.jpg' title=\"Dvouos\u00fd p\u0159\u00edv\u011bs se sac\u00ed cisternou CAS 2\" data-rl_title=\"Dvouos\u00fd p\u0159\u00edv\u011bs se sac\u00ed cisternou CAS 2\" class=\"rl-gallery-link\" data-rl_caption=\"\" data-rel=\"lightbox-gallery-0\"><img loading=\"lazy\" decoding=\"async\" width=\"150\" height=\"150\" src=\"http:\/\/fabok.cz\/wp-content\/uploads\/2017\/07\/004-13-150x150.jpg\" class=\"attachment-thumbnail size-thumbnail\" alt=\"Dvouos\u00fd p\u0159\u00edv\u011bs se sac\u00ed cisternou CAS 2\" \/><\/a>\r\n\t\t\t<\/div><\/figure><\/div>\n\n","protected":false},"excerpt":{"rendered":"<p>2-axle trailer with suction tank CAS 2 Trailer: 2-axle, technical load capacity 3.500 kg\u00a0( weight in the technical certificate could be 2.500 kg ) drawbar to \u201eV\u201c with ISO 50 ball spare wheel steel, hot-dip galvanized frame with preparation for superstructure mounting, without floor mechanical inertia brake support wheel, wedge, wiring including technical certificate Tank: [&hellip;]<\/p>\n","protected":false},"author":1,"featured_media":0,"parent":33,"menu_order":2,"comment_status":"closed","ping_status":"closed","template":"","meta":{"footnotes":""},"aioseo_notices":[],"_links":{"self":[{"href":"http:\/\/fabok.cz\/en\/wp-json\/wp\/v2\/pages\/425"}],"collection":[{"href":"http:\/\/fabok.cz\/en\/wp-json\/wp\/v2\/pages"}],"about":[{"href":"http:\/\/fabok.cz\/en\/wp-json\/wp\/v2\/types\/page"}],"author":[{"embeddable":true,"href":"http:\/\/fabok.cz\/en\/wp-json\/wp\/v2\/users\/1"}],"replies":[{"embeddable":true,"href":"http:\/\/fabok.cz\/en\/wp-json\/wp\/v2\/comments?post=425"}],"version-history":[{"count":4,"href":"http:\/\/fabok.cz\/en\/wp-json\/wp\/v2\/pages\/425\/revisions"}],"predecessor-version":[{"id":944,"href":"http:\/\/fabok.cz\/en\/wp-json\/wp\/v2\/pages\/425\/revisions\/944"}],"up":[{"embeddable":true,"href":"http:\/\/fabok.cz\/en\/wp-json\/wp\/v2\/pages\/33"}],"wp:attachment":[{"href":"http:\/\/fabok.cz\/en\/wp-json\/wp\/v2\/media?parent=425"}],"curies":[{"name":"wp","href":"https:\/\/api.w.org\/{rel}","templated":true}]}}