{"id":367,"date":"2017-07-03T18:13:20","date_gmt":"2017-07-03T18:13:20","guid":{"rendered":"http:\/\/nabytek-levny.eu\/?page_id=367"},"modified":"2021-01-25T10:05:26","modified_gmt":"2021-01-25T10:05:26","slug":"pevna-kropici-caspl-8","status":"publish","type":"page","link":"http:\/\/fabok.cz\/en\/nastavby\/kropici-splachovaci-nastavby\/pevna-kropici-caspl-8\/","title":{"rendered":"Fixed sprinkling CASPL 8"},"content":{"rendered":"<h2>Fixed sprinkling unit FABOK CASPL 8<\/h2>\n<h3><strong>Water pump KSB:<\/strong><\/h3>\n<ul>\n<li>Nominal flow max. 800 l\/min.<\/li>\n<li>Outlet pressure max. 16 bar<\/li>\n<li>Pressure line with terminal \u201eB\u201c event. \u201eC\u201c<\/li>\n<li>lightening BY-PASS<\/li>\n<li>Hydraulic drive with electronic power control regardless of vehicle speed<\/li>\n<\/ul>\n<h3><strong>Tank:<\/strong><\/h3>\n<ul>\n<li>Steel tank volume 8 m<sup>3<\/sup><\/li>\n<li>Filling of the tank from hydrant,or through the inspection manhole<\/li>\n<li>Tank with membrane water overflow and inlet water filter<\/li>\n<li>Sound and optical signalling level in the driver\u00b4s cabin<\/li>\n<li><strong>At the top front, a manhole with a lid reachable by an installed ladder on the side of the tank<\/strong><\/li>\n<\/ul>\n<h3><strong>Standard complete washing bar:<\/strong><\/h3>\n<ul>\n<li>Mounted on front DIN board with eight pieces of water jets<\/li>\n<li>Controlled form the driver\u00b4s cab<\/li>\n<li>Possibility of rotating left \/ right, lowering and lifting to the transport position<\/li>\n<li>Stainless steel ball valves, operated from the driver\u00b4s cab<\/li>\n<li>Removable design<\/li>\n<\/ul>\n<h3><strong>Three sprinklers with flat nozzle:<\/strong><\/h3>\n<ul>\n<li>Manually adjustable at angles with pneumatically operated valves<\/li>\n<li>Sprinklers are operated separately from the driver\u00b4s cab<\/li>\n<li>stainless steel ball valves, operated from the driver\u00b4s cab<\/li>\n<\/ul>\n<h3><strong>Two pieces of rear ozone nozzles:<\/strong><\/h3>\n<ul>\n<li>stainless steel ball valves, pneumatically operated from the driver\u00b4s cab<\/li>\n<\/ul>\n<h3><strong>Two side clearing jets with flat nozzle, pneumatically adjustable to the working position with pneumatically operated ball valves, located behind the front wheels:<\/strong><\/h3>\n<ul>\n<li>nozzles are operated separately from the driver\u00b4s cab<\/li>\n<li>stainless steel ball valves<\/li>\n<\/ul>\n<h3><strong>Pressure line:<\/strong><\/h3>\n<ul>\n<li>Stainless steel ball valve, manually operated<\/li>\n<\/ul>\n<h3><strong>Accessories:<\/strong><\/h3>\n<ul>\n<li>1x large-volume inlet filter<\/li>\n<li>1x 20 m filling fire hose with coupling \u201eC\u201c<\/li>\n<li>1x streamer<\/li>\n<li>1x wrench for fire coupling<\/li>\n<li>1x reduction C\/B<\/li>\n<li>1x warning beacon on the structure<\/li>\n<li>Reversing camera with color LCD display in the driver\u00b4s cab<\/li>\n<li>Stainless steel sefl-winding drum with 25 m hose, DN 13<\/li>\n<li>Additional equipment of the chassis according to the decree (fenders, barriers, warning elements, etc.)<\/li>\n<\/ul>\n<h3><strong>Colour design of the tank:<\/strong><\/h3>\n<ul>\n<li>acrylic paint, RAL shade<\/li>\n<\/ul>\n<h3><strong>Additional equipment:<\/strong><\/h3>\n<ul>\n<li>inner anti-corrosion painting<\/li>\n<li>stainless steel tank \u2013 60 months warranty on the tank<\/li>\n<li>expansion of vehicle use \/ drinking water delivery, swimming pools \/<\/li>\n<\/ul>\n<div id='gallery-1' class='gallery galleryid-367 gallery-columns-5 gallery-size-thumbnail'><figure class='gallery-item'>\r\n\t\t\t<div class='gallery-icon landscape'>\r\n\t\t\t\t<a href='http:\/\/fabok.cz\/wp-content\/uploads\/2017\/07\/001-14.jpg' title=\"Pevn\u00e1 splachovac\u00ed n\u00e1stavba FABOK CASPL 8\" data-rl_title=\"Pevn\u00e1 splachovac\u00ed n\u00e1stavba FABOK CASPL 8\" class=\"rl-gallery-link\" data-rl_caption=\"\" data-rel=\"lightbox-gallery-0\"><img loading=\"lazy\" decoding=\"async\" width=\"150\" height=\"150\" src=\"http:\/\/fabok.cz\/wp-content\/uploads\/2017\/07\/001-14-150x150.jpg\" class=\"attachment-thumbnail size-thumbnail\" alt=\"Pevn\u00e1 splachovac\u00ed n\u00e1stavba FABOK CASPL 8\" \/><\/a>\r\n\t\t\t<\/div><\/figure><figure class='gallery-item'>\r\n\t\t\t<div class='gallery-icon landscape'>\r\n\t\t\t\t<a href='http:\/\/fabok.cz\/wp-content\/uploads\/2017\/07\/002-14.jpg' title=\"Pevn\u00e1 splachovac\u00ed n\u00e1stavba FABOK CASPL 8\" data-rl_title=\"Pevn\u00e1 splachovac\u00ed n\u00e1stavba FABOK CASPL 8\" class=\"rl-gallery-link\" data-rl_caption=\"\" data-rel=\"lightbox-gallery-0\"><img loading=\"lazy\" decoding=\"async\" width=\"150\" height=\"150\" src=\"http:\/\/fabok.cz\/wp-content\/uploads\/2017\/07\/002-14-150x150.jpg\" class=\"attachment-thumbnail size-thumbnail\" alt=\"Pevn\u00e1 splachovac\u00ed n\u00e1stavba FABOK CASPL 8\" \/><\/a>\r\n\t\t\t<\/div><\/figure><figure class='gallery-item'>\r\n\t\t\t<div class='gallery-icon landscape'>\r\n\t\t\t\t<a href='http:\/\/fabok.cz\/wp-content\/uploads\/2017\/07\/003-14.jpg' title=\"Pevn\u00e1 splachovac\u00ed n\u00e1stavba FABOK CASPL 8\" data-rl_title=\"Pevn\u00e1 splachovac\u00ed n\u00e1stavba FABOK CASPL 8\" class=\"rl-gallery-link\" data-rl_caption=\"\" data-rel=\"lightbox-gallery-0\"><img loading=\"lazy\" decoding=\"async\" width=\"150\" height=\"150\" src=\"http:\/\/fabok.cz\/wp-content\/uploads\/2017\/07\/003-14-150x150.jpg\" class=\"attachment-thumbnail size-thumbnail\" alt=\"Pevn\u00e1 splachovac\u00ed n\u00e1stavba FABOK CASPL 8\" \/><\/a>\r\n\t\t\t<\/div><\/figure><\/div>\n\n","protected":false},"excerpt":{"rendered":"<p>Fixed sprinkling unit FABOK CASPL 8 Water pump KSB: Nominal flow max. 800 l\/min. Outlet pressure max. 16 bar Pressure line with terminal \u201eB\u201c event. \u201eC\u201c lightening BY-PASS Hydraulic drive with electronic power control regardless of vehicle speed Tank: Steel tank volume 8 m3 Filling of the tank from hydrant,or through the inspection manhole Tank [&hellip;]<\/p>\n","protected":false},"author":1,"featured_media":0,"parent":39,"menu_order":1,"comment_status":"closed","ping_status":"closed","template":"","meta":{"footnotes":""},"aioseo_notices":[],"_links":{"self":[{"href":"http:\/\/fabok.cz\/en\/wp-json\/wp\/v2\/pages\/367"}],"collection":[{"href":"http:\/\/fabok.cz\/en\/wp-json\/wp\/v2\/pages"}],"about":[{"href":"http:\/\/fabok.cz\/en\/wp-json\/wp\/v2\/types\/page"}],"author":[{"embeddable":true,"href":"http:\/\/fabok.cz\/en\/wp-json\/wp\/v2\/users\/1"}],"replies":[{"embeddable":true,"href":"http:\/\/fabok.cz\/en\/wp-json\/wp\/v2\/comments?post=367"}],"version-history":[{"count":4,"href":"http:\/\/fabok.cz\/en\/wp-json\/wp\/v2\/pages\/367\/revisions"}],"predecessor-version":[{"id":932,"href":"http:\/\/fabok.cz\/en\/wp-json\/wp\/v2\/pages\/367\/revisions\/932"}],"up":[{"embeddable":true,"href":"http:\/\/fabok.cz\/en\/wp-json\/wp\/v2\/pages\/39"}],"wp:attachment":[{"href":"http:\/\/fabok.cz\/en\/wp-json\/wp\/v2\/media?parent=367"}],"curies":[{"name":"wp","href":"https:\/\/api.w.org\/{rel}","templated":true}]}}