{"id":304,"date":"2017-07-03T17:19:50","date_gmt":"2017-07-03T17:19:50","guid":{"rendered":"http:\/\/nabytek-levny.eu\/?page_id=304"},"modified":"2021-01-25T11:08:33","modified_gmt":"2021-01-25T11:08:33","slug":"kombi-16-vymenna-pist","status":"publish","type":"page","link":"http:\/\/fabok.cz\/en\/nastavby\/sacokanalizacni-nastavby\/kombi-16-vymenna-pist\/","title":{"rendered":"Combi 16 changeable \u2013 piston"},"content":{"rendered":"<h2>Combinated suction-sewage unit FABOK CASK 16 with variable piston<\/h2>\n<h3><strong>Tank:<\/strong><\/h3>\n<ul>\n<li>total air volume 16 m\u00b3<\/li>\n<li>variable tank division with hydraulic piston \/min. proportion 2-14 m\u00b3\/<\/li>\n<li>material carbon steel with anti-corrosion treatment<\/li>\n<li>emptying the sludge tank with a hydraulic piston after opening the rear lid<\/li>\n<li>hydraulically openable rear lid in whole diameter, upwards<\/li>\n<li>hydraulically securing of the rear lid according to customers requirments<\/li>\n<li>float level indicator enabling monitoring of the level in the tank<\/li>\n<li>rear suction hole diameter DN 150, pneumatically operated with terminal<\/li>\n<li>draining of the rest of displaced water<\/li>\n<\/ul>\n<h3><strong>Suction system:<\/strong><\/h3>\n<ul>\n<li>vacuum pump type \u2013 liquid ring pump<\/li>\n<li>manufactured by Wiedemann and Reinhardt<\/li>\n<li>pump power 2000 m<sup>3<\/sup>\u00a0\/hod by 400 mbar<\/li>\n<li>cooling of the pump with water from water circuit<\/li>\n<li>electropneumatic suction \/ discharge switching<\/li>\n<li>suction line diameter DN 125<\/li>\n<li>double protection against overflow \u2013 primary and secondary float closure, fine filter, oil separator and noice silencer<\/li>\n<li>counter of MTH pump<\/li>\n<\/ul>\n<h3><strong>Telescopic suction boom:<\/strong><\/h3>\n<ul>\n<li>telescopic suction boom with hose roller system, capacity of 15 m suction hose<\/li>\n<li>rotating of the arm in range of approx. 180\u00a0<sup>o<\/sup>\u00a0with arrest in the set position<\/li>\n<li>the reach of the telescopic extension of the suction arm to the side of the long axis of the vehicle 3 200 mm + 1 200 mm.<\/li>\n<li>hydraulic arm control in all axes<\/li>\n<li>system PERPETIS<\/li>\n<\/ul>\n<h3><strong>High pressure system:<\/strong><\/h3>\n<ul>\n<li><em>WOMA 185 ARP<\/em><\/li>\n<li>piston pump power 367 l\/min<\/li>\n<li>working pressure 200 bar<\/li>\n<li>pump protection against overpressure \u2013 electronic securing, overpressure valve<\/li>\n<li>pump protection against dry running \u2013 electronic securing<\/li>\n<li>continuous pressure regulation in the range from 0 \u2013 MAX via the control system<\/li>\n<li>emptying the syst\u00e9m by pneumatic drainage of all body parts<\/li>\n<li>level control in the tank \u2013 watermark in the operator\u00b4s field of view + acoustic signalization<\/li>\n<li>HP pump MTH counter<\/li>\n<li>control drum of the main cleaning hose with the possibility of rotation along the vertical axis by 180\u00b0 with locking in the selected position, hydraulic drum drive with continuous speed control in both directions, automatic HP hose guidance, the drum is part of the rear boom<\/li>\n<li>main cleaning hose lenght \u2013 100 m, 1\u201c<\/li>\n<li>control drum of the auxiliary hose with manual guidance<\/li>\n<li>auxiliary hose lenght \u2013 40 m, \u00bd\u201c<\/li>\n<\/ul>\n<h3><strong>Control: <\/strong><\/h3>\n<ul>\n<li>control from the superstructure control panel<\/li>\n<\/ul>\n<h3><strong>Accessories:<\/strong><\/h3>\n<ul>\n<li>stainless steel storage tubes for approx. 8 \u2013 10 pcs of suction hoses, lenght 2,5 m, lockable<\/li>\n<li>plastic storage box for nozzles, lockable<\/li>\n<li>suction attachment incl. quick couplings, diameter and length \u2013 DN 100, 1 m<\/li>\n<li>superstructure color according to the customers request in RAL shade<\/li>\n<\/ul>\n<h3><strong>Other optional equipment and accessories:<\/strong><\/h3>\n<ul>\n<li>30 l tank for hand washing<\/li>\n<li>container for waste, stones etc.<\/li>\n<li>protective rolls for HP hoses<\/li>\n<li>Suction hose attachments \u2013 2x DN 150 lenght 3m, 2x DN 100 lenght 3m + reduction<\/li>\n<li>Small crane with hydr. winch<\/li>\n<li>bracket with mounting vice at the rear part of the vehicle<\/li>\n<li>high pressure gun<\/li>\n<li>boom reflector for shaft lighting<\/li>\n<li>work light &#8211; halogen, removable, located in the rear part of the structure with a cable reel<\/li>\n<li>4x warning beacon on the cabin and structure<\/li>\n<li>reversing camera system with color LCD monitor in the cab<\/li>\n<li>nozzles for both hoses\u00a0 \u2013 standard set of 4 pcs with changeable ceramic inserts<\/li>\n<li>structure design in stainless steel completely<\/li>\n<li>Central structure lubrication<\/li>\n<\/ul>\n<div id='gallery-1' class='gallery galleryid-304 gallery-columns-5 gallery-size-thumbnail'><figure class='gallery-item'>\r\n\t\t\t<div class='gallery-icon landscape'>\r\n\t\t\t\t<a href='http:\/\/fabok.cz\/wp-content\/uploads\/2017\/07\/001-11.jpg' title=\"Kombinovan\u00e1 saco-kanaliza\u010dn\u00ed n\u00e1stavba FABOK CASK 16 s\u00a0variabiln\u00edm p\u00edstem\" data-rl_title=\"Kombinovan\u00e1 saco-kanaliza\u010dn\u00ed n\u00e1stavba FABOK CASK 16 s\u00a0variabiln\u00edm p\u00edstem\" class=\"rl-gallery-link\" data-rl_caption=\"\" data-rel=\"lightbox-gallery-0\"><img loading=\"lazy\" decoding=\"async\" width=\"150\" height=\"150\" src=\"http:\/\/fabok.cz\/wp-content\/uploads\/2017\/07\/001-11-150x150.jpg\" class=\"attachment-thumbnail size-thumbnail\" alt=\"Kombinovan\u00e1 saco-kanaliza\u010dn\u00ed n\u00e1stavba FABOK CASK 16 s\u00a0variabiln\u00edm p\u00edstem\" \/><\/a>\r\n\t\t\t<\/div><\/figure><figure class='gallery-item'>\r\n\t\t\t<div class='gallery-icon landscape'>\r\n\t\t\t\t<a href='http:\/\/fabok.cz\/wp-content\/uploads\/2017\/07\/002-11.jpg' title=\"Kombinovan\u00e1 saco-kanaliza\u010dn\u00ed n\u00e1stavba FABOK CASK 16 s\u00a0variabiln\u00edm p\u00edstem\" data-rl_title=\"Kombinovan\u00e1 saco-kanaliza\u010dn\u00ed n\u00e1stavba FABOK CASK 16 s\u00a0variabiln\u00edm p\u00edstem\" class=\"rl-gallery-link\" data-rl_caption=\"\" data-rel=\"lightbox-gallery-0\"><img loading=\"lazy\" decoding=\"async\" width=\"150\" height=\"150\" src=\"http:\/\/fabok.cz\/wp-content\/uploads\/2017\/07\/002-11-150x150.jpg\" class=\"attachment-thumbnail size-thumbnail\" alt=\"Kombinovan\u00e1 saco-kanaliza\u010dn\u00ed n\u00e1stavba FABOK CASK 16 s\u00a0variabiln\u00edm p\u00edstem\" \/><\/a>\r\n\t\t\t<\/div><\/figure><figure class='gallery-item'>\r\n\t\t\t<div class='gallery-icon landscape'>\r\n\t\t\t\t<a href='http:\/\/fabok.cz\/wp-content\/uploads\/2017\/07\/003-11.jpg' title=\"Kombinovan\u00e1 saco-kanaliza\u010dn\u00ed n\u00e1stavba FABOK CASK 16 s\u00a0variabiln\u00edm p\u00edstem\" data-rl_title=\"Kombinovan\u00e1 saco-kanaliza\u010dn\u00ed n\u00e1stavba FABOK CASK 16 s\u00a0variabiln\u00edm p\u00edstem\" class=\"rl-gallery-link\" data-rl_caption=\"\" data-rel=\"lightbox-gallery-0\"><img loading=\"lazy\" decoding=\"async\" width=\"150\" height=\"150\" src=\"http:\/\/fabok.cz\/wp-content\/uploads\/2017\/07\/003-11-150x150.jpg\" class=\"attachment-thumbnail size-thumbnail\" alt=\"Kombinovan\u00e1 saco-kanaliza\u010dn\u00ed n\u00e1stavba FABOK CASK 16 s\u00a0variabiln\u00edm p\u00edstem\" \/><\/a>\r\n\t\t\t<\/div><\/figure><figure class='gallery-item'>\r\n\t\t\t<div class='gallery-icon landscape'>\r\n\t\t\t\t<a href='http:\/\/fabok.cz\/wp-content\/uploads\/2017\/07\/004-9.jpg' title=\"Kombinovan\u00e1 saco-kanaliza\u010dn\u00ed n\u00e1stavba FABOK CASK 16 s\u00a0variabiln\u00edm p\u00edstem\" data-rl_title=\"Kombinovan\u00e1 saco-kanaliza\u010dn\u00ed n\u00e1stavba FABOK CASK 16 s\u00a0variabiln\u00edm p\u00edstem\" class=\"rl-gallery-link\" data-rl_caption=\"\" data-rel=\"lightbox-gallery-0\"><img loading=\"lazy\" decoding=\"async\" width=\"150\" height=\"150\" src=\"http:\/\/fabok.cz\/wp-content\/uploads\/2017\/07\/004-9-150x150.jpg\" class=\"attachment-thumbnail size-thumbnail\" alt=\"Kombinovan\u00e1 saco-kanaliza\u010dn\u00ed n\u00e1stavba FABOK CASK 16 s\u00a0variabiln\u00edm p\u00edstem\" \/><\/a>\r\n\t\t\t<\/div><\/figure><\/div>\n\n","protected":false},"excerpt":{"rendered":"<p>Combinated suction-sewage unit FABOK CASK 16 with variable piston Tank: total air volume 16 m\u00b3 variable tank division with hydraulic piston \/min. proportion 2-14 m\u00b3\/ material carbon steel with anti-corrosion treatment emptying the sludge tank with a hydraulic piston after opening the rear lid hydraulically openable rear lid in whole diameter, upwards hydraulically securing of [&hellip;]<\/p>\n","protected":false},"author":1,"featured_media":0,"parent":31,"menu_order":5,"comment_status":"closed","ping_status":"closed","template":"","meta":{"footnotes":""},"aioseo_notices":[],"_links":{"self":[{"href":"http:\/\/fabok.cz\/en\/wp-json\/wp\/v2\/pages\/304"}],"collection":[{"href":"http:\/\/fabok.cz\/en\/wp-json\/wp\/v2\/pages"}],"about":[{"href":"http:\/\/fabok.cz\/en\/wp-json\/wp\/v2\/types\/page"}],"author":[{"embeddable":true,"href":"http:\/\/fabok.cz\/en\/wp-json\/wp\/v2\/users\/1"}],"replies":[{"embeddable":true,"href":"http:\/\/fabok.cz\/en\/wp-json\/wp\/v2\/comments?post=304"}],"version-history":[{"count":4,"href":"http:\/\/fabok.cz\/en\/wp-json\/wp\/v2\/pages\/304\/revisions"}],"predecessor-version":[{"id":946,"href":"http:\/\/fabok.cz\/en\/wp-json\/wp\/v2\/pages\/304\/revisions\/946"}],"up":[{"embeddable":true,"href":"http:\/\/fabok.cz\/en\/wp-json\/wp\/v2\/pages\/31"}],"wp:attachment":[{"href":"http:\/\/fabok.cz\/en\/wp-json\/wp\/v2\/media?parent=304"}],"curies":[{"name":"wp","href":"https:\/\/api.w.org\/{rel}","templated":true}]}}