{"id":265,"date":"2017-07-03T10:10:53","date_gmt":"2017-07-03T10:10:53","guid":{"rendered":"http:\/\/nabytek-levny.eu\/?page_id=265"},"modified":"2021-01-25T10:14:51","modified_gmt":"2021-01-25T10:14:51","slug":"vt-vozik","status":"publish","type":"page","link":"http:\/\/fabok.cz\/en\/nastavby\/vysokotlake-cistici-nastavby\/vt-vozik\/","title":{"rendered":"High pressure trailer"},"content":{"rendered":"<h2>High pressure pipe cleaner<\/h2>\n<p>Gasoline high pressure cleaner for pipes to DN 100 with HONDA engine and WAP ALTO pump<\/p>\n<h3><strong>High pressure pump: <\/strong><\/h3>\n<ul>\n<li>WAP ALTO<\/li>\n<li>Working pressure max. 140 bar<\/li>\n<li>Pumped amount 10,8 l\/min.<\/li>\n<li>Safety valve<\/li>\n<li>Manually operated control valve<\/li>\n<li>Fine large-volume filter on inlet of the pump<\/li>\n<li>Glycerin manometer for working pressure check<\/li>\n<li>The pump is flexibly mounted on the trailer<\/li>\n<\/ul>\n<h3><strong>HP hose drum:<\/strong><\/h3>\n<ul>\n<li>stainless steel design<\/li>\n<li>HP hose 3\/8\u201c, lenght 20 m<\/li>\n<li>manual winding of the drum<\/li>\n<li>manual HP hose guidance<\/li>\n<li>BY PASS for non-pressure circulation in front of the drum<\/li>\n<li>on the HP hose is possible to easily attach a hand gun for washing shafts, technological equipment, vehicles, etc.<\/li>\n<\/ul>\n<h3><strong>Accessories:<\/strong><\/h3>\n<ul>\n<li>basic set of nozzles \u2013 2 pcs cleaning, pointed<\/li>\n<li>hand pressure gun<\/li>\n<\/ul>\n<h3><strong>Documents:<\/strong><\/h3>\n<ul>\n<li>operating and maintenance instructions of the HP pump<\/li>\n<li>safety instructions for working with high pressure<\/li>\n<li>declaration of conformity<\/li>\n<\/ul>\n<div id='gallery-1' class='gallery galleryid-265 gallery-columns-5 gallery-size-thumbnail'><figure class='gallery-item'>\r\n\t\t\t<div class='gallery-icon portrait'>\r\n\t\t\t\t<a href='http:\/\/fabok.cz\/wp-content\/uploads\/2017\/07\/001-5.jpg' title=\"Vysokotlak\u00e1 \u010disti\u010dka potrub\u00ed\" data-rl_title=\"Vysokotlak\u00e1 \u010disti\u010dka potrub\u00ed\" class=\"rl-gallery-link\" data-rl_caption=\"\" data-rel=\"lightbox-gallery-0\"><img loading=\"lazy\" decoding=\"async\" width=\"150\" height=\"150\" src=\"http:\/\/fabok.cz\/wp-content\/uploads\/2017\/07\/001-5-150x150.jpg\" class=\"attachment-thumbnail size-thumbnail\" alt=\"Vysokotlak\u00e1 \u010disti\u010dka potrub\u00ed\" \/><\/a>\r\n\t\t\t<\/div><\/figure><figure class='gallery-item'>\r\n\t\t\t<div class='gallery-icon portrait'>\r\n\t\t\t\t<a href='http:\/\/fabok.cz\/wp-content\/uploads\/2017\/07\/002-5.jpg' title=\"Vysokotlak\u00e1 \u010disti\u010dka potrub\u00ed\" data-rl_title=\"Vysokotlak\u00e1 \u010disti\u010dka potrub\u00ed\" class=\"rl-gallery-link\" data-rl_caption=\"\" data-rel=\"lightbox-gallery-0\"><img loading=\"lazy\" decoding=\"async\" width=\"150\" height=\"150\" src=\"http:\/\/fabok.cz\/wp-content\/uploads\/2017\/07\/002-5-150x150.jpg\" class=\"attachment-thumbnail size-thumbnail\" alt=\"Vysokotlak\u00e1 \u010disti\u010dka potrub\u00ed\" \/><\/a>\r\n\t\t\t<\/div><\/figure><figure class='gallery-item'>\r\n\t\t\t<div class='gallery-icon portrait'>\r\n\t\t\t\t<a href='http:\/\/fabok.cz\/wp-content\/uploads\/2017\/07\/003-5.jpg' title=\"Vysokotlak\u00e1 \u010disti\u010dka potrub\u00ed\" data-rl_title=\"Vysokotlak\u00e1 \u010disti\u010dka potrub\u00ed\" class=\"rl-gallery-link\" data-rl_caption=\"\" data-rel=\"lightbox-gallery-0\"><img loading=\"lazy\" decoding=\"async\" width=\"150\" height=\"150\" src=\"http:\/\/fabok.cz\/wp-content\/uploads\/2017\/07\/003-5-150x150.jpg\" class=\"attachment-thumbnail size-thumbnail\" alt=\"Vysokotlak\u00e1 \u010disti\u010dka potrub\u00ed\" \/><\/a>\r\n\t\t\t<\/div><\/figure><\/div>\n\n","protected":false},"excerpt":{"rendered":"<p>High pressure pipe cleaner Gasoline high pressure cleaner for pipes to DN 100 with HONDA engine and WAP ALTO pump High pressure pump: WAP ALTO Working pressure max. 140 bar Pumped amount 10,8 l\/min. Safety valve Manually operated control valve Fine large-volume filter on inlet of the pump Glycerin manometer for working pressure check The [&hellip;]<\/p>\n","protected":false},"author":1,"featured_media":0,"parent":35,"menu_order":3,"comment_status":"closed","ping_status":"closed","template":"","meta":{"footnotes":""},"aioseo_notices":[],"_links":{"self":[{"href":"http:\/\/fabok.cz\/en\/wp-json\/wp\/v2\/pages\/265"}],"collection":[{"href":"http:\/\/fabok.cz\/en\/wp-json\/wp\/v2\/pages"}],"about":[{"href":"http:\/\/fabok.cz\/en\/wp-json\/wp\/v2\/types\/page"}],"author":[{"embeddable":true,"href":"http:\/\/fabok.cz\/en\/wp-json\/wp\/v2\/users\/1"}],"replies":[{"embeddable":true,"href":"http:\/\/fabok.cz\/en\/wp-json\/wp\/v2\/comments?post=265"}],"version-history":[{"count":4,"href":"http:\/\/fabok.cz\/en\/wp-json\/wp\/v2\/pages\/265\/revisions"}],"predecessor-version":[{"id":935,"href":"http:\/\/fabok.cz\/en\/wp-json\/wp\/v2\/pages\/265\/revisions\/935"}],"up":[{"embeddable":true,"href":"http:\/\/fabok.cz\/en\/wp-json\/wp\/v2\/pages\/35"}],"wp:attachment":[{"href":"http:\/\/fabok.cz\/en\/wp-json\/wp\/v2\/media?parent=265"}],"curies":[{"name":"wp","href":"https:\/\/api.w.org\/{rel}","templated":true}]}}